{"id":15,"date":"2024-03-15T17:47:29","date_gmt":"2024-03-15T16:47:29","guid":{"rendered":"http:\/\/www.pescoluse.info\/index.php\/la-spiaggia-di-pescoluse"},"modified":"2024-03-26T08:17:30","modified_gmt":"2024-03-26T07:17:30","slug":"la-spiaggia-di-pescoluse","status":"publish","type":"page","link":"https:\/\/www.pescoluse.info\/","title":{"rendered":"La tua vacanza in Spiaggia a Pescoluse"},"content":{"rendered":"\n<p>Pescoluse, tutto il fascino di una delle spiagge pi\u00f9 belle di Puglia!<\/p>\n\n\n\n<p>La distesa di sabbia bianca, i fondali bassi e gli isolotti che emergono dalle acque, le dune ricoperte di acacie e giglio bianco, ne fanno uno dei posti pi\u00f9 frequentati e desiderati di tutta la provincia di Lecce.  Non si pu\u00f2 venire in Puglia e non arrivare nel Sud pi\u00f9 a Sud del Salento a <strong>Pescoluse<\/strong>. Qui,  dove la spiaggia \u00e8 protetta dalle <strong>splendide dune di sabbia <\/strong>e<strong> <\/strong>una bella vegetazione spontanea che separa il <em><strong>mare cristallino<\/strong><\/em> dal resto del mondo!<\/p>\n\n\n\n<p><em><strong>Dall&#8217;alba al tramonto una luce che rischiara le case ed i pensieri, accende i colori della natura e l&#8217;azzurro del mare. <\/strong><\/em><\/p>\n\n\n<div class=\"wp-block-image\">\n<figure class=\"alignright\"><img loading=\"lazy\" decoding=\"async\" width=\"350\" height=\"233\" src=\"https:\/\/www.pescoluse.info\/wp-content\/uploads\/2008\/02\/spiaggia-pescoluse.jpg\" alt=\"La Spiaggia di Pescoluse\" class=\"wp-image-6\"\/><\/figure><\/div>\n\n\n<p>Oltre sei chilometri di granelli di sabbia finissima che si illuminano dalle prime ore dell\u2019alba, quando gli appassionati di jogging si affacciano all\u2019orizzonte per la consueta corsa da Torre Vado a Torre Pali. Si scaldano e si tingono d&#8217;oro nei lunghi pomeriggi d&#8217;estate tra il chiacchierio della gente e lo scintillio  delle acque. Appaiono  rassicuranti di sera quando il cielo e il mare si colorano di rosso e gli ultimi intrepidi bagnanti, avvolti nei loro asciugamani, rubano e si godono gli istanti pi\u00f9 belli e romantici di una giornata qualsiasi.<\/p>\n\n\n\n<p><strong>Dove si trovano le spiagge di Pescoluse?<\/strong>                                                                                                           <\/p>\n\n\n\n<p>Le spiagge di Pescoluse sono una delle<strong> marine di Salve<\/strong> e si trovano sulla costa ionica del Salento tra Santa Maria di Leuca e Gallipoli. Pi\u00f9 volte premiate con la <strong>bandiera blu<\/strong> e le <strong>Vele di Legambiente<\/strong> e vicinissime a Torre Vado, sono facilmente raggiungibili grazie a una <strong>comoda viabilit\u00e0<\/strong>. Inoltre, una fitta rete di <strong>bus e navette<\/strong> opportunamente potenziati durante l&#8217;estate, le collega in modo eccellente alle localit\u00e0 pi\u00f9 importanti della provincia di Lecce, compresi i suggestivi <strong>borghi<\/strong> dell&#8217;entroterra. Ampie aree <strong>parcheggio<\/strong>, numerose <strong>spiagge libere<\/strong>, varie attivit\u00e0 all&#8217;aperto, lidi e <strong>stabilimenti balneari,<\/strong> nonch\u00e9 servizi al top per disabili, rendono Pescoluse uno dei <strong>paradisi estivi <\/strong>pi\u00f9 ambiti del Salento!<\/p>\n\n\n\n<figure class=\"wp-block-image size-full\"><a href=\"https:\/\/www.pescoluse.info\/wp-content\/uploads\/ngg_featured\/foto-pescoluse-mare-e-spiaggia.jpg\"><img loading=\"lazy\" decoding=\"async\" width=\"799\" height=\"506\" src=\"https:\/\/www.pescoluse.info\/wp-content\/uploads\/ngg_featured\/foto-pescoluse-mare-e-spiaggia.jpg\" alt=\"Spiaggia di Pescoluse nel Salento\" class=\"wp-image-587\" srcset=\"https:\/\/www.pescoluse.info\/wp-content\/uploads\/ngg_featured\/foto-pescoluse-mare-e-spiaggia.jpg 799w, https:\/\/www.pescoluse.info\/wp-content\/uploads\/ngg_featured\/foto-pescoluse-mare-e-spiaggia-300x190.jpg 300w, https:\/\/www.pescoluse.info\/wp-content\/uploads\/ngg_featured\/foto-pescoluse-mare-e-spiaggia-768x486.jpg 768w\" sizes=\"auto, (max-width: 799px) 100vw, 799px\" \/><\/a><\/figure>\n\n\n\n<p>La nostra <a href=\"https:\/\/www.pescoluse.info\/index.php\/webcam-pescoluse-le\"><strong>WEB CAM<\/strong><\/a> posizionata a Torre Vado con vista su tutta la spiaggia \u00e8 dedicata a tutti quelli che hanno avuto la fortuna di vedere i tramonti di Pescoluse ed a tutti coloro che li vedranno per la prima volta. Un piccolo, minuscolo e modesto assaggio di tutto quello che il territorio di Pescoluse pu\u00f2 offrire. <\/p>\n\n\n\n<p><\/p>\n\n\n\n<p><em><strong>Dove dormire a Pescoluse?<\/strong><\/em><\/p>\n\n\n\n<p>Pescoluse offre un&#8217;ampia gamma di alloggi per ogni gusto e budget. Dai resort e ville di lusso con piscina, immersi nella macchia mediterranea per chi desidera comfort e riservatezza, ai caratteristici hotel e B&amp;B a gestione familiare. Tra le stradine del centro sono disponibili <a href=\"https:\/\/www.pescoluse.info\/case-pescoluse.php\">case vacanza e appartamenti<\/a> locati direttamente dai privati. Scoprirete l<strong>&#8216;accoglienza calorosa<\/strong> di questa incantevole localit\u00e0 salentina, pronta a offrirvi consigli per vivere al meglio la vostra esperienza.<\/p>\n\n\n\n<p>Esistono tante buone ragioni dunque per scegliere Pescoluse per le proprie vacanze; in questo sito potete trovare diverse soluzioni attraverso il contatto diretto con i proprietari di case, ville, e trulli privati, instaurando in questo modo un rapporto di fiducia con il proprietario. Una vasta gamma di strutture ricettive vi permetter\u00e0 invece di organizzare la vostra vacanza in Hotel in un B&amp;B o in una Casa per Vacanza di Privati. Cerchiamo di fornire un orientamento per chi desidera conoscere la nostra terra, offrendo le indicazioni chiare e veritiere.<\/p>\n\n\n\n<iframe loading=\"lazy\" width=\"560\" height=\"315\" src=\"https:\/\/www.youtube-nocookie.com\/embed\/foHgPN1q2Ng\" title=\"YouTube video player\" frameborder=\"0\" allow=\"accelerometer; autoplay; clipboard-write; encrypted-media; gyroscope; picture-in-picture; web-share\" allowfullscreen><\/iframe>\n\n\n\n<p><em><strong>Cosa fare in vacanza a Pescoluse?<\/strong><\/em><\/p>\n\n\n\n<p>Una vacanza a Pescoluse vuol dire<strong> spiaggia<\/strong> e <strong>mare cristallino<\/strong>, bagni di sole,  lunghe e salutari passeggiate sulla morbida sabbia; stabilimenti, spiagge libere per tutti, lidi e sport acquatici, escursioni e relax sotto l&#8217;ombrellone<strong>.<\/strong>  Pescoluse \u00e8 anche vivere l&#8217;autenticit\u00e0 dei borghi immersi nelle loro <strong>tradizioni<\/strong> e <strong>feste popolari,<\/strong> ammirare l&#8217;artigianato locale e apprezzare il sapore unico dei piatti tipici perch\u00e9 anche in vacanza \u00e8 importante<strong> mangiare bene<\/strong>!  <\/p>\n\n\n\n<p><strong>Vi aspettiamo a Pescoluse!<\/strong><\/p>\n","protected":false},"excerpt":{"rendered":"<p>Pescoluse, tutto il fascino di una delle spiagge pi\u00f9 belle di Puglia! La distesa di sabbia bianca, i fondali bassi e gli isolotti che emergono dalle acque, le dune ricoperte di acacie e giglio bianco, ne fanno uno dei posti pi\u00f9 frequentati e desiderati di tutta la provincia di Lecce. Non si pu\u00f2 venire in Puglia e non arrivare nel Sud pi\u00f9 a Sud del Salento a Pescoluse. Qui, dove la spiaggia \u00e8 protetta dalle splendide dune di sabbia e una bella vegetazione spontanea che separa il mare cristallino dal resto del mondo! Dall&#8217;alba al tramonto una luce che rischiara <\/p>\n","protected":false},"author":8,"featured_media":592,"parent":0,"menu_order":0,"comment_status":"open","ping_status":"closed","template":"","meta":{"_sitemap_exclude":false,"_sitemap_priority":"","_sitemap_frequency":"","ngg_post_thumbnail":0,"footnotes":""},"class_list":["post-15","page","type-page","status-publish","has-post-thumbnail","hentry","has_thumb"],"yoast_head":"<!-- This site is optimized with the Yoast SEO plugin v26.2 - https:\/\/yoast.com\/wordpress\/plugins\/seo\/ -->\n<title>La tua vacanza in Spiaggia a Pescoluse - Pescoluse nel Salento Marina di Salve<\/title>\n<meta name=\"description\" content=\"Non si pu\u00f2 venire in Puglia e non arrivare nel Sud pi\u00f9 a Sud del Salento a Pescoluse. Qui, dove la spiaggia \u00e8 protetta dalle splendide dune di sabbia e una bella vegetazione spontanea che separa il mare cristallino dal resto del mondo!\" \/>\n<meta name=\"robots\" content=\"index, follow, max-snippet:-1, max-image-preview:large, max-video-preview:-1\" \/>\n<link rel=\"canonical\" href=\"https:\/\/www.pescoluse.info\/\" \/>\n<meta property=\"og:locale\" content=\"it_IT\" \/>\n<meta property=\"og:type\" content=\"article\" \/>\n<meta property=\"og:title\" content=\"La tua vacanza in Spiaggia a Pescoluse - Pescoluse nel Salento Marina di Salve\" \/>\n<meta property=\"og:description\" content=\"Non si pu\u00f2 venire in Puglia e non arrivare nel Sud pi\u00f9 a Sud del Salento a Pescoluse. Qui, dove la spiaggia \u00e8 protetta dalle splendide dune di sabbia e una bella vegetazione spontanea che separa il mare cristallino dal resto del mondo!\" \/>\n<meta property=\"og:url\" content=\"https:\/\/www.pescoluse.info\/\" \/>\n<meta property=\"og:site_name\" content=\"Pescoluse nel Salento Marina di Salve\" \/>\n<meta property=\"article:publisher\" content=\"https:\/\/www.facebook.com\/Pescoluseinfo-Spiaggia-del-Salento-252097411467116\/\" \/>\n<meta property=\"article:modified_time\" content=\"2024-03-26T07:17:30+00:00\" \/>\n<meta property=\"og:image\" content=\"https:\/\/www.pescoluse.info\/wp-content\/uploads\/2018\/04\/pescoluse-spiaggia-salento.jpg\" \/>\n\t<meta property=\"og:image:width\" content=\"1380\" \/>\n\t<meta property=\"og:image:height\" content=\"350\" \/>\n\t<meta property=\"og:image:type\" content=\"image\/jpeg\" \/>\n<meta name=\"twitter:card\" content=\"summary_large_image\" \/>\n<meta name=\"twitter:label1\" content=\"Tempo di lettura stimato\" \/>\n\t<meta name=\"twitter:data1\" content=\"4 minuti\" \/>\n<script type=\"application\/ld+json\" class=\"yoast-schema-graph\">{\"@context\":\"https:\/\/schema.org\",\"@graph\":[{\"@type\":\"WebPage\",\"@id\":\"https:\/\/www.pescoluse.info\/\",\"url\":\"https:\/\/www.pescoluse.info\/\",\"name\":\"La tua vacanza in Spiaggia a Pescoluse - Pescoluse nel Salento Marina di Salve\",\"isPartOf\":{\"@id\":\"https:\/\/www.pescoluse.info\/#website\"},\"primaryImageOfPage\":{\"@id\":\"https:\/\/www.pescoluse.info\/#primaryimage\"},\"image\":{\"@id\":\"https:\/\/www.pescoluse.info\/#primaryimage\"},\"thumbnailUrl\":\"https:\/\/www.pescoluse.info\/wp-content\/uploads\/2018\/04\/pescoluse-spiaggia-salento.jpg\",\"datePublished\":\"2024-03-15T16:47:29+00:00\",\"dateModified\":\"2024-03-26T07:17:30+00:00\",\"description\":\"Non si pu\u00f2 venire in Puglia e non arrivare nel Sud pi\u00f9 a Sud del Salento a Pescoluse. Qui, dove la spiaggia \u00e8 protetta dalle splendide dune di sabbia e una bella vegetazione spontanea che separa il mare cristallino dal resto del mondo!\",\"breadcrumb\":{\"@id\":\"https:\/\/www.pescoluse.info\/#breadcrumb\"},\"inLanguage\":\"it-IT\",\"potentialAction\":[{\"@type\":\"ReadAction\",\"target\":[\"https:\/\/www.pescoluse.info\/\"]}]},{\"@type\":\"ImageObject\",\"inLanguage\":\"it-IT\",\"@id\":\"https:\/\/www.pescoluse.info\/#primaryimage\",\"url\":\"https:\/\/www.pescoluse.info\/wp-content\/uploads\/2018\/04\/pescoluse-spiaggia-salento.jpg\",\"contentUrl\":\"https:\/\/www.pescoluse.info\/wp-content\/uploads\/2018\/04\/pescoluse-spiaggia-salento.jpg\",\"width\":1380,\"height\":350,\"caption\":\"Spiaggia di Pescoluse\"},{\"@type\":\"BreadcrumbList\",\"@id\":\"https:\/\/www.pescoluse.info\/#breadcrumb\",\"itemListElement\":[{\"@type\":\"ListItem\",\"position\":1,\"name\":\"Home\",\"item\":\"https:\/\/www.pescoluse.info\/\"},{\"@type\":\"ListItem\",\"position\":2,\"name\":\"La tua vacanza in Spiaggia a Pescoluse\"}]},{\"@type\":\"WebSite\",\"@id\":\"https:\/\/www.pescoluse.info\/#website\",\"url\":\"https:\/\/www.pescoluse.info\/\",\"name\":\"Pescoluse nel Salento Marina di Salve\",\"description\":\"Per le tue vacanze al mare scegli Pescoluse e la sua Spiaggia\",\"potentialAction\":[{\"@type\":\"SearchAction\",\"target\":{\"@type\":\"EntryPoint\",\"urlTemplate\":\"https:\/\/www.pescoluse.info\/?s={search_term_string}\"},\"query-input\":{\"@type\":\"PropertyValueSpecification\",\"valueRequired\":true,\"valueName\":\"search_term_string\"}}],\"inLanguage\":\"it-IT\"}]}<\/script>\n<!-- \/ Yoast SEO plugin. -->","yoast_head_json":{"title":"La tua vacanza in Spiaggia a Pescoluse - Pescoluse nel Salento Marina di Salve","description":"Non si pu\u00f2 venire in Puglia e non arrivare nel Sud pi\u00f9 a Sud del Salento a Pescoluse. Qui, dove la spiaggia \u00e8 protetta dalle splendide dune di sabbia e una bella vegetazione spontanea che separa il mare cristallino dal resto del mondo!","robots":{"index":"index","follow":"follow","max-snippet":"max-snippet:-1","max-image-preview":"max-image-preview:large","max-video-preview":"max-video-preview:-1"},"canonical":"https:\/\/www.pescoluse.info\/","og_locale":"it_IT","og_type":"article","og_title":"La tua vacanza in Spiaggia a Pescoluse - Pescoluse nel Salento Marina di Salve","og_description":"Non si pu\u00f2 venire in Puglia e non arrivare nel Sud pi\u00f9 a Sud del Salento a Pescoluse. Qui, dove la spiaggia \u00e8 protetta dalle splendide dune di sabbia e una bella vegetazione spontanea che separa il mare cristallino dal resto del mondo!","og_url":"https:\/\/www.pescoluse.info\/","og_site_name":"Pescoluse nel Salento Marina di Salve","article_publisher":"https:\/\/www.facebook.com\/Pescoluseinfo-Spiaggia-del-Salento-252097411467116\/","article_modified_time":"2024-03-26T07:17:30+00:00","og_image":[{"width":1380,"height":350,"url":"https:\/\/www.pescoluse.info\/wp-content\/uploads\/2018\/04\/pescoluse-spiaggia-salento.jpg","type":"image\/jpeg"}],"twitter_card":"summary_large_image","twitter_misc":{"Tempo di lettura stimato":"4 minuti"},"schema":{"@context":"https:\/\/schema.org","@graph":[{"@type":"WebPage","@id":"https:\/\/www.pescoluse.info\/","url":"https:\/\/www.pescoluse.info\/","name":"La tua vacanza in Spiaggia a Pescoluse - Pescoluse nel Salento Marina di Salve","isPartOf":{"@id":"https:\/\/www.pescoluse.info\/#website"},"primaryImageOfPage":{"@id":"https:\/\/www.pescoluse.info\/#primaryimage"},"image":{"@id":"https:\/\/www.pescoluse.info\/#primaryimage"},"thumbnailUrl":"https:\/\/www.pescoluse.info\/wp-content\/uploads\/2018\/04\/pescoluse-spiaggia-salento.jpg","datePublished":"2024-03-15T16:47:29+00:00","dateModified":"2024-03-26T07:17:30+00:00","description":"Non si pu\u00f2 venire in Puglia e non arrivare nel Sud pi\u00f9 a Sud del Salento a Pescoluse. Qui, dove la spiaggia \u00e8 protetta dalle splendide dune di sabbia e una bella vegetazione spontanea che separa il mare cristallino dal resto del mondo!","breadcrumb":{"@id":"https:\/\/www.pescoluse.info\/#breadcrumb"},"inLanguage":"it-IT","potentialAction":[{"@type":"ReadAction","target":["https:\/\/www.pescoluse.info\/"]}]},{"@type":"ImageObject","inLanguage":"it-IT","@id":"https:\/\/www.pescoluse.info\/#primaryimage","url":"https:\/\/www.pescoluse.info\/wp-content\/uploads\/2018\/04\/pescoluse-spiaggia-salento.jpg","contentUrl":"https:\/\/www.pescoluse.info\/wp-content\/uploads\/2018\/04\/pescoluse-spiaggia-salento.jpg","width":1380,"height":350,"caption":"Spiaggia di Pescoluse"},{"@type":"BreadcrumbList","@id":"https:\/\/www.pescoluse.info\/#breadcrumb","itemListElement":[{"@type":"ListItem","position":1,"name":"Home","item":"https:\/\/www.pescoluse.info\/"},{"@type":"ListItem","position":2,"name":"La tua vacanza in Spiaggia a Pescoluse"}]},{"@type":"WebSite","@id":"https:\/\/www.pescoluse.info\/#website","url":"https:\/\/www.pescoluse.info\/","name":"Pescoluse nel Salento Marina di Salve","description":"Per le tue vacanze al mare scegli Pescoluse e la sua Spiaggia","potentialAction":[{"@type":"SearchAction","target":{"@type":"EntryPoint","urlTemplate":"https:\/\/www.pescoluse.info\/?s={search_term_string}"},"query-input":{"@type":"PropertyValueSpecification","valueRequired":true,"valueName":"search_term_string"}}],"inLanguage":"it-IT"}]}},"_links":{"self":[{"href":"https:\/\/www.pescoluse.info\/index.php\/wp-json\/wp\/v2\/pages\/15","targetHints":{"allow":["GET"]}}],"collection":[{"href":"https:\/\/www.pescoluse.info\/index.php\/wp-json\/wp\/v2\/pages"}],"about":[{"href":"https:\/\/www.pescoluse.info\/index.php\/wp-json\/wp\/v2\/types\/page"}],"author":[{"embeddable":true,"href":"https:\/\/www.pescoluse.info\/index.php\/wp-json\/wp\/v2\/users\/8"}],"replies":[{"embeddable":true,"href":"https:\/\/www.pescoluse.info\/index.php\/wp-json\/wp\/v2\/comments?post=15"}],"version-history":[{"count":3,"href":"https:\/\/www.pescoluse.info\/index.php\/wp-json\/wp\/v2\/pages\/15\/revisions"}],"predecessor-version":[{"id":758,"href":"https:\/\/www.pescoluse.info\/index.php\/wp-json\/wp\/v2\/pages\/15\/revisions\/758"}],"wp:featuredmedia":[{"embeddable":true,"href":"https:\/\/www.pescoluse.info\/index.php\/wp-json\/wp\/v2\/media\/592"}],"wp:attachment":[{"href":"https:\/\/www.pescoluse.info\/index.php\/wp-json\/wp\/v2\/media?parent=15"}],"curies":[{"name":"wp","href":"https:\/\/api.w.org\/{rel}","templated":true}]}}