{"id":16,"date":"2024-03-14T18:52:00","date_gmt":"2024-03-14T17:52:00","guid":{"rendered":"http:\/\/www.pescoluse.info\/index.php\/foto-pescoluse"},"modified":"2024-03-15T18:54:46","modified_gmt":"2024-03-15T17:54:46","slug":"foto-pescoluse","status":"publish","type":"page","link":"https:\/\/www.pescoluse.info\/index.php\/foto-pescoluse\/","title":{"rendered":"Foto Pescoluse"},"content":{"rendered":"\n<p><strong>Una finestra virtuale per sognare con noi sulla spiaggia pi\u00f9 bella di Puglia, Pescoluse<\/strong><\/p>\n\n\n\n<p>Benvenuti nella galleria fotografica di Pescoluse, la finestra che si apre sui paesaggi e che vi invita a immergervi virtualmente nelle meraviglie di questa incantevole destinazione salentina. Ogni scatto \u00e8 un invito a esplorare: dalle distese dorate delle nostre spiagge, bagnate da un mare cristallino, agli angoli nascosti della campagne, tra muretti a secco e macchia mediterranea, fino ai momenti di puro relax negli eleganti hotel , ville o <a href=\"https:\/\/www.pescoluse.info\/affitti-pescoluse.php\">case per vacanza<\/a>.<\/p>\n\n\n\n<p><img decoding=\"async\" class=\"ngg-singlepic ngg-left\" src=\"https:\/\/www.pescoluse.info\/wp-content\/gallery\/spiagge-pescoluse\/foto-spiaggia-perscoluse-salento.jpg\" alt=\"foto-spiaggia-perscoluse-salento\">L&#8217;amore per la Puglia, che ha messo radici nella provincia di Lecce, \u00e8 stato catturato in questi scatti in cui si ammira la bellezza delle spiagge di Pescoluse, dal mare sempre cristallino, dai colori, dai profumi e dai sapori che abbracciano l\u2019anima e accarezzano i sensi. Spiagge di sabbia fine dai riflessi dorati sono belle e affascinanti sia col sole che al tramonto. La spiaggia, come si pu\u00f2 vedere, \u00e8 immersa nei profumi della macchia mediterranea che accarezzano le dune sabbiose, e nella atmosfere calde tipiche della terra del Salento: rappresenta la meta ideale di quanti desiderano concedersi un tuffo nella natura pi\u00f9 selvaggia senza rinunciare alla comodit\u00e0 ed al relax. Un mare cristallino con fondale basso ideale per bambini, adatto alle famiglie, \u00e8 l&#8217;ideale anche per gli amanti delle immersioni subacquee e snorkeling.<\/p>\n\n\n\n<p>Ci\u00f2 a cui si mira facendo conoscere Pescoluse attraverso queste immagini, \u00e8 un turismo sostenibile e responsabile, che lasci questa zona del Salento intatta e paradisiaca come mostrato in queste foto, e che sappia apprezzare i valori reali di questa terra semplice e generosa, per scoprire e vivere in modo naturale Pescoluse, lasciando un ricordo indelebile nella memoria e nel cuore di tutti.<\/p>\n\n\n\n<p>Lasciatevi ispirare dalle immagini di Pescoluse e del suo bellissimo territorio e iniziate a sognare la vostra prossima vacanza nel cuore del Salento, dove la bellezza si svela in ogni dettaglio.<\/p>\n\n\n\n<p>Non ci sono filtri che tengano, le foto catturano la vera bellezza delle spiagge di Pescoluse, bianche e illuminate dal sole dall&#8217;alba al tramonto. Il mare \u00e8 di un azzurro intenso e le sue acque sono trasparenti. Gigli bianchi ed acacie punteggiano le dune di sabbia che lambiscono una costa dai fondali bassi cos\u00ec amati dalle famiglie con bambini. <\/p>\n\n\n\n<p class=\"has-text-align-center\">ngg_shortcode_0_placeholder<\/p>\n\n\n\n<p class=\"has-text-align-center\">ngg_shortcode_1_placeholder<\/p>\n\n\n\n<p class=\"has-text-align-center\">ngg_shortcode_2_placeholder<\/p>\n\n\n\n<p><em><strong>I tramonti pi\u00f9 belli del Salento <\/strong><\/em><\/p>\n\n\n\n<p>Se di giorno Pescoluse \u00e8 una delle destinazioni turistiche pi\u00f9 frequentate del Salento per la bellezza delle sue spiagge, di sera al tramonto, diventa il set privilegiato di chi \u00e8 alla ricerca dello scatto perfetto. Emozionante e imperdibile lo spettacolo del sole al tramonto che colora il mare di rosso, di viola, di arancio e sullo sfondo il contorno delle cime dei monti della Calabria. <\/p>\n\n\n\n<p class=\"has-text-align-left\">a presto con altre foto<\/p>\n\n\n\n<p class=\"has-text-align-left\">Ciao<\/p>\n","protected":false},"excerpt":{"rendered":"<p>Una finestra virtuale per sognare con noi sulla spiaggia pi\u00f9 bella di Puglia, Pescoluse Benvenuti nella galleria fotografica di Pescoluse, la finestra che si apre sui paesaggi e che vi invita a immergervi virtualmente nelle meraviglie di questa incantevole destinazione salentina. Ogni scatto \u00e8 un invito a esplorare: dalle distese dorate delle nostre spiagge, bagnate da un mare cristallino, agli angoli nascosti della campagne, tra muretti a secco e macchia mediterranea, fino ai momenti di puro relax negli eleganti hotel , ville o case per vacanza. L&#8217;amore per la Puglia, che ha messo radici nella provincia di Lecce, \u00e8 stato <\/p>\n","protected":false},"author":8,"featured_media":0,"parent":0,"menu_order":0,"comment_status":"open","ping_status":"closed","template":"","meta":{"_sitemap_exclude":false,"_sitemap_priority":"","_sitemap_frequency":"","ngg_post_thumbnail":0,"footnotes":""},"class_list":["post-16","page","type-page","status-publish","hentry"],"yoast_head":"<!-- This site is optimized with the Yoast SEO plugin v26.2 - https:\/\/yoast.com\/wordpress\/plugins\/seo\/ -->\n<title>Foto Pescoluse, Immagini Pescoluse<\/title>\n<meta name=\"description\" content=\"Benvenuti nella galleria fotografica di Pescoluse, la finestra che si apre sui paesaggi e che vi invita a immergervi virtualmente nelle meraviglie di questa incantevole destinazione salentina.\" \/>\n<meta name=\"robots\" content=\"index, follow, max-snippet:-1, max-image-preview:large, max-video-preview:-1\" \/>\n<link rel=\"canonical\" href=\"https:\/\/www.pescoluse.info\/index.php\/foto-pescoluse\/\" \/>\n<meta property=\"og:locale\" content=\"it_IT\" \/>\n<meta property=\"og:type\" content=\"article\" \/>\n<meta property=\"og:title\" content=\"Foto Pescoluse, Immagini Pescoluse\" \/>\n<meta property=\"og:description\" content=\"Benvenuti nella galleria fotografica di Pescoluse, la finestra che si apre sui paesaggi e che vi invita a immergervi virtualmente nelle meraviglie di questa incantevole destinazione salentina.\" \/>\n<meta property=\"og:url\" content=\"https:\/\/www.pescoluse.info\/index.php\/foto-pescoluse\/\" \/>\n<meta property=\"og:site_name\" content=\"Pescoluse nel Salento Marina di Salve\" \/>\n<meta property=\"article:publisher\" content=\"https:\/\/www.facebook.com\/Pescoluseinfo-Spiaggia-del-Salento-252097411467116\/\" \/>\n<meta property=\"article:modified_time\" content=\"2024-03-15T17:54:46+00:00\" \/>\n<meta property=\"og:image\" content=\"https:\/\/www.pescoluse.info\/wp-content\/gallery\/spiagge-pescoluse\/foto-spiaggia-perscoluse-salento.jpg\" \/>\n<meta name=\"twitter:card\" content=\"summary_large_image\" \/>\n<meta name=\"twitter:label1\" content=\"Tempo di lettura stimato\" \/>\n\t<meta name=\"twitter:data1\" content=\"3 minuti\" \/>\n<script type=\"application\/ld+json\" class=\"yoast-schema-graph\">{\"@context\":\"https:\/\/schema.org\",\"@graph\":[{\"@type\":\"WebPage\",\"@id\":\"https:\/\/www.pescoluse.info\/index.php\/foto-pescoluse\/\",\"url\":\"https:\/\/www.pescoluse.info\/index.php\/foto-pescoluse\/\",\"name\":\"Foto Pescoluse, Immagini Pescoluse\",\"isPartOf\":{\"@id\":\"https:\/\/www.pescoluse.info\/#website\"},\"primaryImageOfPage\":{\"@id\":\"https:\/\/www.pescoluse.info\/index.php\/foto-pescoluse\/#primaryimage\"},\"image\":{\"@id\":\"https:\/\/www.pescoluse.info\/index.php\/foto-pescoluse\/#primaryimage\"},\"thumbnailUrl\":\"https:\/\/www.pescoluse.info\/wp-content\/gallery\/spiagge-pescoluse\/foto-spiaggia-perscoluse-salento.jpg\",\"datePublished\":\"2024-03-14T17:52:00+00:00\",\"dateModified\":\"2024-03-15T17:54:46+00:00\",\"description\":\"Benvenuti nella galleria fotografica di Pescoluse, la finestra che si apre sui paesaggi e che vi invita a immergervi virtualmente nelle meraviglie di questa incantevole destinazione salentina.\",\"breadcrumb\":{\"@id\":\"https:\/\/www.pescoluse.info\/index.php\/foto-pescoluse\/#breadcrumb\"},\"inLanguage\":\"it-IT\",\"potentialAction\":[{\"@type\":\"ReadAction\",\"target\":[\"https:\/\/www.pescoluse.info\/index.php\/foto-pescoluse\/\"]}]},{\"@type\":\"ImageObject\",\"inLanguage\":\"it-IT\",\"@id\":\"https:\/\/www.pescoluse.info\/index.php\/foto-pescoluse\/#primaryimage\",\"url\":\"https:\/\/www.pescoluse.info\/wp-content\/gallery\/spiagge-pescoluse\/foto-spiaggia-perscoluse-salento.jpg\",\"contentUrl\":\"https:\/\/www.pescoluse.info\/wp-content\/gallery\/spiagge-pescoluse\/foto-spiaggia-perscoluse-salento.jpg\"},{\"@type\":\"BreadcrumbList\",\"@id\":\"https:\/\/www.pescoluse.info\/index.php\/foto-pescoluse\/#breadcrumb\",\"itemListElement\":[{\"@type\":\"ListItem\",\"position\":1,\"name\":\"Home\",\"item\":\"https:\/\/www.pescoluse.info\/\"},{\"@type\":\"ListItem\",\"position\":2,\"name\":\"Foto Pescoluse\"}]},{\"@type\":\"WebSite\",\"@id\":\"https:\/\/www.pescoluse.info\/#website\",\"url\":\"https:\/\/www.pescoluse.info\/\",\"name\":\"Pescoluse nel Salento Marina di Salve\",\"description\":\"Per le tue vacanze al mare scegli Pescoluse e la sua Spiaggia\",\"potentialAction\":[{\"@type\":\"SearchAction\",\"target\":{\"@type\":\"EntryPoint\",\"urlTemplate\":\"https:\/\/www.pescoluse.info\/?s={search_term_string}\"},\"query-input\":{\"@type\":\"PropertyValueSpecification\",\"valueRequired\":true,\"valueName\":\"search_term_string\"}}],\"inLanguage\":\"it-IT\"}]}<\/script>\n<!-- \/ Yoast SEO plugin. -->","yoast_head_json":{"title":"Foto Pescoluse, Immagini Pescoluse","description":"Benvenuti nella galleria fotografica di Pescoluse, la finestra che si apre sui paesaggi e che vi invita a immergervi virtualmente nelle meraviglie di questa incantevole destinazione salentina.","robots":{"index":"index","follow":"follow","max-snippet":"max-snippet:-1","max-image-preview":"max-image-preview:large","max-video-preview":"max-video-preview:-1"},"canonical":"https:\/\/www.pescoluse.info\/index.php\/foto-pescoluse\/","og_locale":"it_IT","og_type":"article","og_title":"Foto Pescoluse, Immagini Pescoluse","og_description":"Benvenuti nella galleria fotografica di Pescoluse, la finestra che si apre sui paesaggi e che vi invita a immergervi virtualmente nelle meraviglie di questa incantevole destinazione salentina.","og_url":"https:\/\/www.pescoluse.info\/index.php\/foto-pescoluse\/","og_site_name":"Pescoluse nel Salento Marina di Salve","article_publisher":"https:\/\/www.facebook.com\/Pescoluseinfo-Spiaggia-del-Salento-252097411467116\/","article_modified_time":"2024-03-15T17:54:46+00:00","og_image":[{"url":"https:\/\/www.pescoluse.info\/wp-content\/gallery\/spiagge-pescoluse\/foto-spiaggia-perscoluse-salento.jpg","type":"","width":"","height":""}],"twitter_card":"summary_large_image","twitter_misc":{"Tempo di lettura stimato":"3 minuti"},"schema":{"@context":"https:\/\/schema.org","@graph":[{"@type":"WebPage","@id":"https:\/\/www.pescoluse.info\/index.php\/foto-pescoluse\/","url":"https:\/\/www.pescoluse.info\/index.php\/foto-pescoluse\/","name":"Foto Pescoluse, Immagini Pescoluse","isPartOf":{"@id":"https:\/\/www.pescoluse.info\/#website"},"primaryImageOfPage":{"@id":"https:\/\/www.pescoluse.info\/index.php\/foto-pescoluse\/#primaryimage"},"image":{"@id":"https:\/\/www.pescoluse.info\/index.php\/foto-pescoluse\/#primaryimage"},"thumbnailUrl":"https:\/\/www.pescoluse.info\/wp-content\/gallery\/spiagge-pescoluse\/foto-spiaggia-perscoluse-salento.jpg","datePublished":"2024-03-14T17:52:00+00:00","dateModified":"2024-03-15T17:54:46+00:00","description":"Benvenuti nella galleria fotografica di Pescoluse, la finestra che si apre sui paesaggi e che vi invita a immergervi virtualmente nelle meraviglie di questa incantevole destinazione salentina.","breadcrumb":{"@id":"https:\/\/www.pescoluse.info\/index.php\/foto-pescoluse\/#breadcrumb"},"inLanguage":"it-IT","potentialAction":[{"@type":"ReadAction","target":["https:\/\/www.pescoluse.info\/index.php\/foto-pescoluse\/"]}]},{"@type":"ImageObject","inLanguage":"it-IT","@id":"https:\/\/www.pescoluse.info\/index.php\/foto-pescoluse\/#primaryimage","url":"https:\/\/www.pescoluse.info\/wp-content\/gallery\/spiagge-pescoluse\/foto-spiaggia-perscoluse-salento.jpg","contentUrl":"https:\/\/www.pescoluse.info\/wp-content\/gallery\/spiagge-pescoluse\/foto-spiaggia-perscoluse-salento.jpg"},{"@type":"BreadcrumbList","@id":"https:\/\/www.pescoluse.info\/index.php\/foto-pescoluse\/#breadcrumb","itemListElement":[{"@type":"ListItem","position":1,"name":"Home","item":"https:\/\/www.pescoluse.info\/"},{"@type":"ListItem","position":2,"name":"Foto Pescoluse"}]},{"@type":"WebSite","@id":"https:\/\/www.pescoluse.info\/#website","url":"https:\/\/www.pescoluse.info\/","name":"Pescoluse nel Salento Marina di Salve","description":"Per le tue vacanze al mare scegli Pescoluse e la sua Spiaggia","potentialAction":[{"@type":"SearchAction","target":{"@type":"EntryPoint","urlTemplate":"https:\/\/www.pescoluse.info\/?s={search_term_string}"},"query-input":{"@type":"PropertyValueSpecification","valueRequired":true,"valueName":"search_term_string"}}],"inLanguage":"it-IT"}]}},"_links":{"self":[{"href":"https:\/\/www.pescoluse.info\/index.php\/wp-json\/wp\/v2\/pages\/16","targetHints":{"allow":["GET"]}}],"collection":[{"href":"https:\/\/www.pescoluse.info\/index.php\/wp-json\/wp\/v2\/pages"}],"about":[{"href":"https:\/\/www.pescoluse.info\/index.php\/wp-json\/wp\/v2\/types\/page"}],"author":[{"embeddable":true,"href":"https:\/\/www.pescoluse.info\/index.php\/wp-json\/wp\/v2\/users\/8"}],"replies":[{"embeddable":true,"href":"https:\/\/www.pescoluse.info\/index.php\/wp-json\/wp\/v2\/comments?post=16"}],"version-history":[{"count":2,"href":"https:\/\/www.pescoluse.info\/index.php\/wp-json\/wp\/v2\/pages\/16\/revisions"}],"predecessor-version":[{"id":732,"href":"https:\/\/www.pescoluse.info\/index.php\/wp-json\/wp\/v2\/pages\/16\/revisions\/732"}],"wp:attachment":[{"href":"https:\/\/www.pescoluse.info\/index.php\/wp-json\/wp\/v2\/media?parent=16"}],"curies":[{"name":"wp","href":"https:\/\/api.w.org\/{rel}","templated":true}]}}