{"id":313,"date":"2012-02-09T20:59:37","date_gmt":"2012-02-09T19:59:37","guid":{"rendered":"http:\/\/www.pescoluse.info\/?page_id=313"},"modified":"2018-03-23T21:40:45","modified_gmt":"2018-03-23T20:40:45","slug":"mappa-di-pescoluse","status":"publish","type":"page","link":"https:\/\/www.pescoluse.info\/index.php\/mappa-di-pescoluse\/","title":{"rendered":"Mappa di Pescoluse"},"content":{"rendered":"<p>Pescoluse \u00e8 una delle pi\u00f9 belle localit\u00e0 balneari del Salento, si trova a circa 9 km Da Santa Maria di Leuca.<\/p>\n<p>Confina&nbsp; a Sud con Il Mare Ionio, a Ovest con la vicina marina di Torre Pali, ad Est Con le Marine di Postovecchio e poi la pi\u00f9 conosciuta Torre Vado. Verso Nord si Sale nel Comune di Salve.<\/p>\n<p><strong>Mappa e Cartina di Pescoluse<\/strong><\/p>\n<p><a title=\"Stampa Cartina e Mappa di Pescoluse Pdf\" href=\"https:\/\/www.pescoluse.info\/wp-content\/uploads\/2012\/02\/stampa-mappa-pescoluse.pdf\" target=\"_blank\" rel=\"noopener\">Stampa la Cartina del Salento con Pescoluse localizzato<\/a><\/p>\n<p><a title=\"Come Arrivare a Pescoluse\" href=\"https:\/\/www.pescoluse.info\/index.php\/dove-si-trova-pescoluse\" target=\"_blank\" rel=\"noopener\">Come Arrivare a Pescoluse<\/a><\/p>\n<p><a href=\"https:\/\/www.pescoluse.info\/wp-content\/uploads\/2012\/02\/mappa-pescoluse-le.jpg\"><img loading=\"lazy\" decoding=\"async\" class=\"size-full wp-image-314 alignnone\" style=\"border: 1px solid black;\" title=\"mappa-pescoluse-le\" src=\"https:\/\/www.pescoluse.info\/wp-content\/uploads\/2012\/02\/mappa-pescoluse-le.jpg\" alt=\"\" width=\"650\" height=\"449\" srcset=\"https:\/\/www.pescoluse.info\/wp-content\/uploads\/2012\/02\/mappa-pescoluse-le.jpg 650w, https:\/\/www.pescoluse.info\/wp-content\/uploads\/2012\/02\/mappa-pescoluse-le-300x207.jpg 300w\" sizes=\"auto, (max-width: 650px) 100vw, 650px\" \/><\/a><\/p>\n<p>Le spiagge di Pescoluse sono conosciute oramai in tutta Italia, da anni questa marina ottiene la bandiera Blu classificandosi tra le migliori spiagge d&#8217;italia.<\/p>\n<p>Mappa di Pescoluse attraverso Google &#8211; Maps<\/p>\n<p><iframe loading=\"lazy\" style=\"border: 0;\" src=\"https:\/\/www.google.com\/maps\/embed?pb=!1m14!1m8!1m3!1d18765.158782642695!2d18.263912!3d39.836157!3m2!1i1024!2i768!4f13.1!3m3!1m2!1s0x13440840253454dd%3A0xe7e0c2e530e7a130!2s73050+Pescoluse+LE!5e1!3m2!1sit!2sit!4v1521837549566\" width=\"100%\" height=\"600\" frameborder=\"0\" allowfullscreen=\"allowfullscreen\"><\/iframe><\/p>\n<p>Coordinate Gps di Pescoluse: Latitudine: 39.83813 &#8211; Longitudine: 18.264555<\/p>\n<p>In questa pagina riuscirete a trovare tutte le Informazioni la Mappa di Pescoluse: Cartina Stradale, Piantina di Pescoluse, una Mappa vista dal Satellite della Marina di Pescoluse, La posizione Geografica nella cartina, lo stradario di Pescoluse. Potrete attraverso la Google Maps crearvi itinerari da seguire partendo o arrivando a Pescoluse. Semplicemnte cliccando sopra al segnale di Pescoluse.<\/p>\n<h2><a href=\"https:\/\/www.pescoluse.info\/wp-content\/uploads\/2012\/02\/cartina-salento-pescoluse.jpg\"><img loading=\"lazy\" decoding=\"async\" class=\"alignnone size-full wp-image-315\" title=\"cartina-salento-pescoluse\" src=\"https:\/\/www.pescoluse.info\/wp-content\/uploads\/2012\/02\/cartina-salento-pescoluse.jpg\" alt=\"\" width=\"600\" height=\"686\" srcset=\"https:\/\/www.pescoluse.info\/wp-content\/uploads\/2012\/02\/cartina-salento-pescoluse.jpg 600w, https:\/\/www.pescoluse.info\/wp-content\/uploads\/2012\/02\/cartina-salento-pescoluse-262x300.jpg 262w\" sizes=\"auto, (max-width: 600px) 100vw, 600px\" \/><\/a><\/h2>\n<p>&nbsp;<\/p>\n","protected":false},"excerpt":{"rendered":"<p>Pescoluse \u00e8 una delle pi\u00f9 belle localit\u00e0 balneari del Salento, si trova a circa 9 km Da Santa Maria di Leuca. Confina&nbsp; a Sud con Il Mare Ionio, a Ovest con la vicina marina di Torre Pali, ad Est Con le Marine di Postovecchio e poi la pi\u00f9 conosciuta Torre Vado. Verso Nord si Sale nel Comune di Salve. Mappa e Cartina di Pescoluse Stampa la Cartina del Salento con Pescoluse localizzato Come Arrivare a Pescoluse Le spiagge di Pescoluse sono conosciute oramai in tutta Italia, da anni questa marina ottiene la bandiera Blu classificandosi tra le migliori spiagge d&#8217;italia. <\/p>\n","protected":false},"author":7,"featured_media":0,"parent":0,"menu_order":0,"comment_status":"open","ping_status":"closed","template":"","meta":{"_sitemap_exclude":false,"_sitemap_priority":"","_sitemap_frequency":"","ngg_post_thumbnail":0,"footnotes":""},"class_list":["post-313","page","type-page","status-publish","hentry"],"yoast_head":"<!-- This site is optimized with the Yoast SEO plugin v26.2 - https:\/\/yoast.com\/wordpress\/plugins\/seo\/ -->\n<title>Mappa di Pescoluse<\/title>\n<meta name=\"description\" content=\"In questa pagina riuscirete a trovare tutte le Informazioni la Mappa di Pescoluse: Cartina Stradale, Piantina di Pescoluse, una Mappa vista dal Satellite della Marina di Pescoluse, La posizione Geografica nella cartina, lo stradario di Pescoluse. Potrete attraverso la Google Maps crearvi itinerari da seguire partendo o arrivando a Pescoluse. Semplicemnte cliccando sopra al segnale di Pescoluse.\" \/>\n<meta name=\"robots\" content=\"index, follow, max-snippet:-1, max-image-preview:large, max-video-preview:-1\" \/>\n<link rel=\"canonical\" href=\"https:\/\/www.pescoluse.info\/index.php\/mappa-di-pescoluse\/\" \/>\n<meta property=\"og:locale\" content=\"it_IT\" \/>\n<meta property=\"og:type\" content=\"article\" \/>\n<meta property=\"og:title\" content=\"Mappa di Pescoluse\" \/>\n<meta property=\"og:description\" content=\"In questa pagina riuscirete a trovare tutte le Informazioni la Mappa di Pescoluse: Cartina Stradale, Piantina di Pescoluse, una Mappa vista dal Satellite della Marina di Pescoluse, La posizione Geografica nella cartina, lo stradario di Pescoluse. Potrete attraverso la Google Maps crearvi itinerari da seguire partendo o arrivando a Pescoluse. Semplicemnte cliccando sopra al segnale di Pescoluse.\" \/>\n<meta property=\"og:url\" content=\"https:\/\/www.pescoluse.info\/index.php\/mappa-di-pescoluse\/\" \/>\n<meta property=\"og:site_name\" content=\"Pescoluse nel Salento Marina di Salve\" \/>\n<meta property=\"article:publisher\" content=\"https:\/\/www.facebook.com\/Pescoluseinfo-Spiaggia-del-Salento-252097411467116\/\" \/>\n<meta property=\"article:modified_time\" content=\"2018-03-23T20:40:45+00:00\" \/>\n<meta property=\"og:image\" content=\"https:\/\/www.pescoluse.info\/wp-content\/uploads\/2012\/02\/mappa-pescoluse-le.jpg\" \/>\n<meta name=\"twitter:card\" content=\"summary_large_image\" \/>\n<meta name=\"twitter:label1\" content=\"Tempo di lettura stimato\" \/>\n\t<meta name=\"twitter:data1\" content=\"1 minuto\" \/>\n<script type=\"application\/ld+json\" class=\"yoast-schema-graph\">{\"@context\":\"https:\/\/schema.org\",\"@graph\":[{\"@type\":\"WebPage\",\"@id\":\"https:\/\/www.pescoluse.info\/index.php\/mappa-di-pescoluse\/\",\"url\":\"https:\/\/www.pescoluse.info\/index.php\/mappa-di-pescoluse\/\",\"name\":\"Mappa di Pescoluse\",\"isPartOf\":{\"@id\":\"https:\/\/www.pescoluse.info\/#website\"},\"primaryImageOfPage\":{\"@id\":\"https:\/\/www.pescoluse.info\/index.php\/mappa-di-pescoluse\/#primaryimage\"},\"image\":{\"@id\":\"https:\/\/www.pescoluse.info\/index.php\/mappa-di-pescoluse\/#primaryimage\"},\"thumbnailUrl\":\"https:\/\/www.pescoluse.info\/wp-content\/uploads\/2012\/02\/mappa-pescoluse-le.jpg\",\"datePublished\":\"2012-02-09T19:59:37+00:00\",\"dateModified\":\"2018-03-23T20:40:45+00:00\",\"description\":\"In questa pagina riuscirete a trovare tutte le Informazioni la Mappa di Pescoluse: Cartina Stradale, Piantina di Pescoluse, una Mappa vista dal Satellite della Marina di Pescoluse, La posizione Geografica nella cartina, lo stradario di Pescoluse. Potrete attraverso la Google Maps crearvi itinerari da seguire partendo o arrivando a Pescoluse. Semplicemnte cliccando sopra al segnale di Pescoluse.\",\"breadcrumb\":{\"@id\":\"https:\/\/www.pescoluse.info\/index.php\/mappa-di-pescoluse\/#breadcrumb\"},\"inLanguage\":\"it-IT\",\"potentialAction\":[{\"@type\":\"ReadAction\",\"target\":[\"https:\/\/www.pescoluse.info\/index.php\/mappa-di-pescoluse\/\"]}]},{\"@type\":\"ImageObject\",\"inLanguage\":\"it-IT\",\"@id\":\"https:\/\/www.pescoluse.info\/index.php\/mappa-di-pescoluse\/#primaryimage\",\"url\":\"https:\/\/www.pescoluse.info\/wp-content\/uploads\/2012\/02\/mappa-pescoluse-le.jpg\",\"contentUrl\":\"https:\/\/www.pescoluse.info\/wp-content\/uploads\/2012\/02\/mappa-pescoluse-le.jpg\"},{\"@type\":\"BreadcrumbList\",\"@id\":\"https:\/\/www.pescoluse.info\/index.php\/mappa-di-pescoluse\/#breadcrumb\",\"itemListElement\":[{\"@type\":\"ListItem\",\"position\":1,\"name\":\"Home\",\"item\":\"https:\/\/www.pescoluse.info\/\"},{\"@type\":\"ListItem\",\"position\":2,\"name\":\"Mappa di Pescoluse\"}]},{\"@type\":\"WebSite\",\"@id\":\"https:\/\/www.pescoluse.info\/#website\",\"url\":\"https:\/\/www.pescoluse.info\/\",\"name\":\"Pescoluse nel Salento Marina di Salve\",\"description\":\"Per le tue vacanze al mare scegli Pescoluse e la sua Spiaggia\",\"potentialAction\":[{\"@type\":\"SearchAction\",\"target\":{\"@type\":\"EntryPoint\",\"urlTemplate\":\"https:\/\/www.pescoluse.info\/?s={search_term_string}\"},\"query-input\":{\"@type\":\"PropertyValueSpecification\",\"valueRequired\":true,\"valueName\":\"search_term_string\"}}],\"inLanguage\":\"it-IT\"}]}<\/script>\n<!-- \/ Yoast SEO plugin. -->","yoast_head_json":{"title":"Mappa di Pescoluse","description":"In questa pagina riuscirete a trovare tutte le Informazioni la Mappa di Pescoluse: Cartina Stradale, Piantina di Pescoluse, una Mappa vista dal Satellite della Marina di Pescoluse, La posizione Geografica nella cartina, lo stradario di Pescoluse. Potrete attraverso la Google Maps crearvi itinerari da seguire partendo o arrivando a Pescoluse. Semplicemnte cliccando sopra al segnale di Pescoluse.","robots":{"index":"index","follow":"follow","max-snippet":"max-snippet:-1","max-image-preview":"max-image-preview:large","max-video-preview":"max-video-preview:-1"},"canonical":"https:\/\/www.pescoluse.info\/index.php\/mappa-di-pescoluse\/","og_locale":"it_IT","og_type":"article","og_title":"Mappa di Pescoluse","og_description":"In questa pagina riuscirete a trovare tutte le Informazioni la Mappa di Pescoluse: Cartina Stradale, Piantina di Pescoluse, una Mappa vista dal Satellite della Marina di Pescoluse, La posizione Geografica nella cartina, lo stradario di Pescoluse. Potrete attraverso la Google Maps crearvi itinerari da seguire partendo o arrivando a Pescoluse. Semplicemnte cliccando sopra al segnale di Pescoluse.","og_url":"https:\/\/www.pescoluse.info\/index.php\/mappa-di-pescoluse\/","og_site_name":"Pescoluse nel Salento Marina di Salve","article_publisher":"https:\/\/www.facebook.com\/Pescoluseinfo-Spiaggia-del-Salento-252097411467116\/","article_modified_time":"2018-03-23T20:40:45+00:00","og_image":[{"url":"https:\/\/www.pescoluse.info\/wp-content\/uploads\/2012\/02\/mappa-pescoluse-le.jpg","type":"","width":"","height":""}],"twitter_card":"summary_large_image","twitter_misc":{"Tempo di lettura stimato":"1 minuto"},"schema":{"@context":"https:\/\/schema.org","@graph":[{"@type":"WebPage","@id":"https:\/\/www.pescoluse.info\/index.php\/mappa-di-pescoluse\/","url":"https:\/\/www.pescoluse.info\/index.php\/mappa-di-pescoluse\/","name":"Mappa di Pescoluse","isPartOf":{"@id":"https:\/\/www.pescoluse.info\/#website"},"primaryImageOfPage":{"@id":"https:\/\/www.pescoluse.info\/index.php\/mappa-di-pescoluse\/#primaryimage"},"image":{"@id":"https:\/\/www.pescoluse.info\/index.php\/mappa-di-pescoluse\/#primaryimage"},"thumbnailUrl":"https:\/\/www.pescoluse.info\/wp-content\/uploads\/2012\/02\/mappa-pescoluse-le.jpg","datePublished":"2012-02-09T19:59:37+00:00","dateModified":"2018-03-23T20:40:45+00:00","description":"In questa pagina riuscirete a trovare tutte le Informazioni la Mappa di Pescoluse: Cartina Stradale, Piantina di Pescoluse, una Mappa vista dal Satellite della Marina di Pescoluse, La posizione Geografica nella cartina, lo stradario di Pescoluse. Potrete attraverso la Google Maps crearvi itinerari da seguire partendo o arrivando a Pescoluse. Semplicemnte cliccando sopra al segnale di Pescoluse.","breadcrumb":{"@id":"https:\/\/www.pescoluse.info\/index.php\/mappa-di-pescoluse\/#breadcrumb"},"inLanguage":"it-IT","potentialAction":[{"@type":"ReadAction","target":["https:\/\/www.pescoluse.info\/index.php\/mappa-di-pescoluse\/"]}]},{"@type":"ImageObject","inLanguage":"it-IT","@id":"https:\/\/www.pescoluse.info\/index.php\/mappa-di-pescoluse\/#primaryimage","url":"https:\/\/www.pescoluse.info\/wp-content\/uploads\/2012\/02\/mappa-pescoluse-le.jpg","contentUrl":"https:\/\/www.pescoluse.info\/wp-content\/uploads\/2012\/02\/mappa-pescoluse-le.jpg"},{"@type":"BreadcrumbList","@id":"https:\/\/www.pescoluse.info\/index.php\/mappa-di-pescoluse\/#breadcrumb","itemListElement":[{"@type":"ListItem","position":1,"name":"Home","item":"https:\/\/www.pescoluse.info\/"},{"@type":"ListItem","position":2,"name":"Mappa di Pescoluse"}]},{"@type":"WebSite","@id":"https:\/\/www.pescoluse.info\/#website","url":"https:\/\/www.pescoluse.info\/","name":"Pescoluse nel Salento Marina di Salve","description":"Per le tue vacanze al mare scegli Pescoluse e la sua Spiaggia","potentialAction":[{"@type":"SearchAction","target":{"@type":"EntryPoint","urlTemplate":"https:\/\/www.pescoluse.info\/?s={search_term_string}"},"query-input":{"@type":"PropertyValueSpecification","valueRequired":true,"valueName":"search_term_string"}}],"inLanguage":"it-IT"}]}},"_links":{"self":[{"href":"https:\/\/www.pescoluse.info\/index.php\/wp-json\/wp\/v2\/pages\/313","targetHints":{"allow":["GET"]}}],"collection":[{"href":"https:\/\/www.pescoluse.info\/index.php\/wp-json\/wp\/v2\/pages"}],"about":[{"href":"https:\/\/www.pescoluse.info\/index.php\/wp-json\/wp\/v2\/types\/page"}],"author":[{"embeddable":true,"href":"https:\/\/www.pescoluse.info\/index.php\/wp-json\/wp\/v2\/users\/7"}],"replies":[{"embeddable":true,"href":"https:\/\/www.pescoluse.info\/index.php\/wp-json\/wp\/v2\/comments?post=313"}],"version-history":[{"count":0,"href":"https:\/\/www.pescoluse.info\/index.php\/wp-json\/wp\/v2\/pages\/313\/revisions"}],"wp:attachment":[{"href":"https:\/\/www.pescoluse.info\/index.php\/wp-json\/wp\/v2\/media?parent=313"}],"curies":[{"name":"wp","href":"https:\/\/api.w.org\/{rel}","templated":true}]}}