{"id":4,"date":"2024-03-16T12:27:12","date_gmt":"2024-03-16T11:27:12","guid":{"rendered":"http:\/\/www.pescoluse.info\/index.php\/la-marina-di-pescoluse"},"modified":"2024-03-18T10:01:33","modified_gmt":"2024-03-18T09:01:33","slug":"la-marina-di-pescoluse","status":"publish","type":"page","link":"https:\/\/www.pescoluse.info\/index.php\/la-marina-di-pescoluse\/","title":{"rendered":"La Marina di Pescoluse"},"content":{"rendered":"\n<h2 class=\"wp-block-heading\">Benvenuti a Pescoluse: dove la sabbia \u00e8 pi\u00f9 dorata <\/h2>\n\n\n\n<p>Marina di Pescoluse \u00e8 una delle destinazioni pi\u00f9 affascinanti del Salento e ti aspetta sulle sue <strong><a href=\"https:\/\/www.pescoluse.info\/\">bellissime spiagge<\/a><\/strong> le pi\u00f9 incantevoli e amate di tutta la Puglia. Oltre al mare cristallino e i fondali bassi, vi troverete immersi in un paesaggio rurale unico dove i muretti a secco ricamano le campagne e le colline custodiscono grotte abitate sin dalla preistoria. <strong>Venite in vacanza a<\/strong> Pescoluse dove la <strong>sabbia finissima<\/strong>, la natura e la storia si fondono in un abbraccio indimenticabile.  <\/p>\n\n\n<div class=\"wp-block-image\">\n<figure class=\"aligncenter size-large\"><img decoding=\"async\" src=\"https:\/\/www.pescoluse.info\/wp-content\/gallery\/spiagge-pescoluse\/costa-salento-pescoluse.jpg\" alt=\"\"\/><\/figure><\/div>\n\n\n<p><strong><em>La vostra indimenticabile vacanza a Pescoluse <\/em><\/strong><\/p>\n\n\n\n<p>Immergetevi in giornate intere di relax sulla sabbia, lasciatevi coccolare dalle acque cristalline, esplorate il mare e concedetevi l&#8217;avventura di emozionanti escursioni in barca. E quando arriva la sera lasciatevi sedurre dal profumo dei <strong>piatti tipici locali <\/strong>preparati con cura dai ristoranti e dalle trattorie di Pescoluse; godetevi l&#8217;atmosfera magica delle luci tra le bancarelle e i mercatini, abbandonatevi al ritmo incessante della <strong>pizzica<\/strong> che risuona nella piazza.  Al centro di tutto il grande  <strong>Parco dei Gigli<\/strong>  che vi aspetta per svelarvi il ritmo autentico di questa terra mentre l&#8217;ufficio IAT \u00e8 pronto a guidarvi verso le meraviglie nascoste di Pescoluse.  <strong><em>Scoprite il vostro angolo di Paradiso a Pescoluse, Prenotate ora!<\/em><\/strong><\/p>\n\n\n\n<p><strong><em>Pescoluse, spiagge dorate e paesaggi incontaminati<\/em><\/strong><\/p>\n\n\n\n<p>Le spiagge di Pescoluse vi invitano a giornate di puro relax tra spiagge libere e stabilimenti balneari: facilmente accessibili dalla litoranea i lidi di Pescoluse si presentano con ampie aree parcheggio dove ad attendervi ci sono gli <strong>stabilimenti balneari <\/strong>pi\u00f9 rinomati e frequentati della costa ionica. Ogni ingresso vi condurr\u00e0 in un mondo di servizi pensati per rendere ogni giornata al mare confortevole e indimenticabile. Ma c&#8217;\u00e8 di pi\u00f9: l&#8217;entroterra che si innalza sotto i vostri occhi \u00e8 un invito all&#8217;avventura alla scoperta dei tesori archeologici e naturalistici circondati dai profumi del timo e del rosmarino selvatico. <\/p>\n\n\n<div class=\"wp-block-image\">\n<figure class=\"aligncenter size-large\"><img decoding=\"async\" src=\"https:\/\/www.pescoluse.info\/wp-content\/gallery\/spiagge-pescoluse\/spiaggia-di-pescoluse-aerea.jpg\" alt=\"\"\/><\/figure><\/div>\n\n\n<p><em><strong>Pescoluse,  Passeggiate e tramonti sul mare <\/strong><\/em><br>Abbandonate l&#8217;auto e immergetevi nella bellezza di piacevoli passeggiate all&#8217;aperto tra i sentieri che abbracciano le <strong>dune di sabbia<\/strong> ricoperte di acacie  tra Posto Vecchio e la vicina marina di Torre Vado. Lasciatevi sorprendere dalla bellezza dei <strong>borghi<\/strong> vicini e dalla ricchezza architettonica e naturalistica che questa zona ha da offrire. E al tramonto, preparatevi a allo spettacolo pi\u00f9 bello della vostra vacanza: un&#8217;esplosione di colori e di emozioni vi avvolger\u00e0 e li porterete con voi per sempre. <\/p>\n\n\n<div class=\"wp-block-image\">\n<figure class=\"aligncenter size-large\"><img decoding=\"async\" src=\"https:\/\/www.pescoluse.info\/wp-content\/gallery\/natura-cultura\/tramonto-spiagge-pescoluse-salento.jpg\" alt=\"\"\/><\/figure><\/div>\n\n\n<p><em><strong>Serate magiche sotto le stelle a Pescoluse <\/strong><\/em><br>Mentre la notte scende, Pescoluse si illumina di magia. Le cene nei ristoranti locali o sul terrazzo della casa che avete affittato, le serate nei lidi sulla sabbia,  le passeggiate tra le bancarelle, la pizzica ballata a piedi nudi,  offrono momenti unici da vivere e condividere sotto le stelle. <\/p>\n\n\n\n<p><em><strong>Dove dormire a Pescoluse?<\/strong><\/em><\/p>\n\n\n\n<p>Che cerchiate un lusso discreto, la semplicit\u00e0 di un <a href=\"https:\/\/www.pescoluse.info\/beb-pescoluse-bed-and-breakfast.php\">B&amp;B accogliente<\/a>, la comodit\u00e0 di una <a href=\"https:\/\/www.pescoluse.info\/affitti-pescoluse.php\">casa vacanza<\/a> tutta vostra, Pescoluse ha l&#8217;alloggio perfetto per voi. Ogni opzione promette soggiorni da sogno anche a un passo dalla spiaggia e dove l&#8217;auto diventa un ricordo lontano. E se il vostro desiderio \u00e8 quello di godervi il panorama dall&#8217;alto delle colline di Pescoluse allora le ville con giardino saranno la vostra dimora ideale. <strong>Prenotate subito il vostro alloggio a Pescoluse! <\/strong><\/p>\n\n\n\n<p><em><strong>Pescoluse vi Aspetta<\/strong><\/em><br>Non \u00e8 solo una vacanza, \u00e8 l&#8217;esperienza che avete sempre sognato. Venite a scoprire Pescoluse, la gemma del Salento che brilla di vita, cultura e bellezza. Qui, ogni giorno \u00e8 un&#8217;avventura e ogni notte un sogno. <strong>Prenotate ora la vostra fuga nel paradiso.<\/strong><\/p>\n\n\n\n<p>&nbsp;<\/p>\n","protected":false},"excerpt":{"rendered":"<p>Benvenuti a Pescoluse: dove la sabbia \u00e8 pi\u00f9 dorata Marina di Pescoluse \u00e8 una delle destinazioni pi\u00f9 affascinanti del Salento e ti aspetta sulle sue bellissime spiagge le pi\u00f9 incantevoli e amate di tutta la Puglia. Oltre al mare cristallino e i fondali bassi, vi troverete immersi in un paesaggio rurale unico dove i muretti a secco ricamano le campagne e le colline custodiscono grotte abitate sin dalla preistoria. Venite in vacanza a Pescoluse dove la sabbia finissima, la natura e la storia si fondono in un abbraccio indimenticabile. La vostra indimenticabile vacanza a Pescoluse Immergetevi in giornate intere di <\/p>\n","protected":false},"author":7,"featured_media":587,"parent":0,"menu_order":0,"comment_status":"open","ping_status":"closed","template":"","meta":{"_sitemap_exclude":false,"_sitemap_priority":"","_sitemap_frequency":"","ngg_post_thumbnail":0,"footnotes":""},"class_list":["post-4","page","type-page","status-publish","has-post-thumbnail","hentry","has_thumb"],"yoast_head":"<!-- This site is optimized with the Yoast SEO plugin v26.2 - https:\/\/yoast.com\/wordpress\/plugins\/seo\/ -->\n<title>La Marina di Pescoluse - Pescoluse nel Salento Marina di Salve<\/title>\n<meta name=\"description\" content=\"Marina di Pescoluse \u00e8 una delle destinazioni pi\u00f9 affascinanti del Salento e ti aspetta sulle sue bellissime spiagge le pi\u00f9 incantevoli e amate di tutta la Puglia\" \/>\n<meta name=\"robots\" content=\"index, follow, max-snippet:-1, max-image-preview:large, max-video-preview:-1\" \/>\n<link rel=\"canonical\" href=\"https:\/\/www.pescoluse.info\/index.php\/la-marina-di-pescoluse\/\" \/>\n<meta property=\"og:locale\" content=\"it_IT\" \/>\n<meta property=\"og:type\" content=\"article\" \/>\n<meta property=\"og:title\" content=\"La Marina di Pescoluse - Pescoluse nel Salento Marina di Salve\" \/>\n<meta property=\"og:description\" content=\"Marina di Pescoluse \u00e8 una delle destinazioni pi\u00f9 affascinanti del Salento e ti aspetta sulle sue bellissime spiagge le pi\u00f9 incantevoli e amate di tutta la Puglia\" \/>\n<meta property=\"og:url\" content=\"https:\/\/www.pescoluse.info\/index.php\/la-marina-di-pescoluse\/\" \/>\n<meta property=\"og:site_name\" content=\"Pescoluse nel Salento Marina di Salve\" \/>\n<meta property=\"article:publisher\" content=\"https:\/\/www.facebook.com\/Pescoluseinfo-Spiaggia-del-Salento-252097411467116\/\" \/>\n<meta property=\"article:modified_time\" content=\"2024-03-18T09:01:33+00:00\" \/>\n<meta property=\"og:image\" content=\"https:\/\/www.pescoluse.info\/wp-content\/uploads\/ngg_featured\/foto-pescoluse-mare-e-spiaggia.jpg\" \/>\n\t<meta property=\"og:image:width\" content=\"799\" \/>\n\t<meta property=\"og:image:height\" content=\"506\" \/>\n\t<meta property=\"og:image:type\" content=\"image\/jpeg\" \/>\n<meta name=\"twitter:card\" content=\"summary_large_image\" \/>\n<meta name=\"twitter:label1\" content=\"Tempo di lettura stimato\" \/>\n\t<meta name=\"twitter:data1\" content=\"4 minuti\" \/>\n<script type=\"application\/ld+json\" class=\"yoast-schema-graph\">{\"@context\":\"https:\/\/schema.org\",\"@graph\":[{\"@type\":\"WebPage\",\"@id\":\"https:\/\/www.pescoluse.info\/index.php\/la-marina-di-pescoluse\/\",\"url\":\"https:\/\/www.pescoluse.info\/index.php\/la-marina-di-pescoluse\/\",\"name\":\"La Marina di Pescoluse - Pescoluse nel Salento Marina di Salve\",\"isPartOf\":{\"@id\":\"https:\/\/www.pescoluse.info\/#website\"},\"primaryImageOfPage\":{\"@id\":\"https:\/\/www.pescoluse.info\/index.php\/la-marina-di-pescoluse\/#primaryimage\"},\"image\":{\"@id\":\"https:\/\/www.pescoluse.info\/index.php\/la-marina-di-pescoluse\/#primaryimage\"},\"thumbnailUrl\":\"https:\/\/www.pescoluse.info\/wp-content\/uploads\/ngg_featured\/foto-pescoluse-mare-e-spiaggia.jpg\",\"datePublished\":\"2024-03-16T11:27:12+00:00\",\"dateModified\":\"2024-03-18T09:01:33+00:00\",\"description\":\"Marina di Pescoluse \u00e8 una delle destinazioni pi\u00f9 affascinanti del Salento e ti aspetta sulle sue bellissime spiagge le pi\u00f9 incantevoli e amate di tutta la Puglia\",\"breadcrumb\":{\"@id\":\"https:\/\/www.pescoluse.info\/index.php\/la-marina-di-pescoluse\/#breadcrumb\"},\"inLanguage\":\"it-IT\",\"potentialAction\":[{\"@type\":\"ReadAction\",\"target\":[\"https:\/\/www.pescoluse.info\/index.php\/la-marina-di-pescoluse\/\"]}]},{\"@type\":\"ImageObject\",\"inLanguage\":\"it-IT\",\"@id\":\"https:\/\/www.pescoluse.info\/index.php\/la-marina-di-pescoluse\/#primaryimage\",\"url\":\"https:\/\/www.pescoluse.info\/wp-content\/uploads\/ngg_featured\/foto-pescoluse-mare-e-spiaggia.jpg\",\"contentUrl\":\"https:\/\/www.pescoluse.info\/wp-content\/uploads\/ngg_featured\/foto-pescoluse-mare-e-spiaggia.jpg\",\"width\":799,\"height\":506,\"caption\":\"Spiaggia di Pescoluse nel Salento\"},{\"@type\":\"BreadcrumbList\",\"@id\":\"https:\/\/www.pescoluse.info\/index.php\/la-marina-di-pescoluse\/#breadcrumb\",\"itemListElement\":[{\"@type\":\"ListItem\",\"position\":1,\"name\":\"Home\",\"item\":\"https:\/\/www.pescoluse.info\/\"},{\"@type\":\"ListItem\",\"position\":2,\"name\":\"La Marina di Pescoluse\"}]},{\"@type\":\"WebSite\",\"@id\":\"https:\/\/www.pescoluse.info\/#website\",\"url\":\"https:\/\/www.pescoluse.info\/\",\"name\":\"Pescoluse nel Salento Marina di Salve\",\"description\":\"Per le tue vacanze al mare scegli Pescoluse e la sua Spiaggia\",\"potentialAction\":[{\"@type\":\"SearchAction\",\"target\":{\"@type\":\"EntryPoint\",\"urlTemplate\":\"https:\/\/www.pescoluse.info\/?s={search_term_string}\"},\"query-input\":{\"@type\":\"PropertyValueSpecification\",\"valueRequired\":true,\"valueName\":\"search_term_string\"}}],\"inLanguage\":\"it-IT\"}]}<\/script>\n<!-- \/ Yoast SEO plugin. -->","yoast_head_json":{"title":"La Marina di Pescoluse - Pescoluse nel Salento Marina di Salve","description":"Marina di Pescoluse \u00e8 una delle destinazioni pi\u00f9 affascinanti del Salento e ti aspetta sulle sue bellissime spiagge le pi\u00f9 incantevoli e amate di tutta la Puglia","robots":{"index":"index","follow":"follow","max-snippet":"max-snippet:-1","max-image-preview":"max-image-preview:large","max-video-preview":"max-video-preview:-1"},"canonical":"https:\/\/www.pescoluse.info\/index.php\/la-marina-di-pescoluse\/","og_locale":"it_IT","og_type":"article","og_title":"La Marina di Pescoluse - Pescoluse nel Salento Marina di Salve","og_description":"Marina di Pescoluse \u00e8 una delle destinazioni pi\u00f9 affascinanti del Salento e ti aspetta sulle sue bellissime spiagge le pi\u00f9 incantevoli e amate di tutta la Puglia","og_url":"https:\/\/www.pescoluse.info\/index.php\/la-marina-di-pescoluse\/","og_site_name":"Pescoluse nel Salento Marina di Salve","article_publisher":"https:\/\/www.facebook.com\/Pescoluseinfo-Spiaggia-del-Salento-252097411467116\/","article_modified_time":"2024-03-18T09:01:33+00:00","og_image":[{"width":799,"height":506,"url":"https:\/\/www.pescoluse.info\/wp-content\/uploads\/ngg_featured\/foto-pescoluse-mare-e-spiaggia.jpg","type":"image\/jpeg"}],"twitter_card":"summary_large_image","twitter_misc":{"Tempo di lettura stimato":"4 minuti"},"schema":{"@context":"https:\/\/schema.org","@graph":[{"@type":"WebPage","@id":"https:\/\/www.pescoluse.info\/index.php\/la-marina-di-pescoluse\/","url":"https:\/\/www.pescoluse.info\/index.php\/la-marina-di-pescoluse\/","name":"La Marina di Pescoluse - Pescoluse nel Salento Marina di Salve","isPartOf":{"@id":"https:\/\/www.pescoluse.info\/#website"},"primaryImageOfPage":{"@id":"https:\/\/www.pescoluse.info\/index.php\/la-marina-di-pescoluse\/#primaryimage"},"image":{"@id":"https:\/\/www.pescoluse.info\/index.php\/la-marina-di-pescoluse\/#primaryimage"},"thumbnailUrl":"https:\/\/www.pescoluse.info\/wp-content\/uploads\/ngg_featured\/foto-pescoluse-mare-e-spiaggia.jpg","datePublished":"2024-03-16T11:27:12+00:00","dateModified":"2024-03-18T09:01:33+00:00","description":"Marina di Pescoluse \u00e8 una delle destinazioni pi\u00f9 affascinanti del Salento e ti aspetta sulle sue bellissime spiagge le pi\u00f9 incantevoli e amate di tutta la Puglia","breadcrumb":{"@id":"https:\/\/www.pescoluse.info\/index.php\/la-marina-di-pescoluse\/#breadcrumb"},"inLanguage":"it-IT","potentialAction":[{"@type":"ReadAction","target":["https:\/\/www.pescoluse.info\/index.php\/la-marina-di-pescoluse\/"]}]},{"@type":"ImageObject","inLanguage":"it-IT","@id":"https:\/\/www.pescoluse.info\/index.php\/la-marina-di-pescoluse\/#primaryimage","url":"https:\/\/www.pescoluse.info\/wp-content\/uploads\/ngg_featured\/foto-pescoluse-mare-e-spiaggia.jpg","contentUrl":"https:\/\/www.pescoluse.info\/wp-content\/uploads\/ngg_featured\/foto-pescoluse-mare-e-spiaggia.jpg","width":799,"height":506,"caption":"Spiaggia di Pescoluse nel Salento"},{"@type":"BreadcrumbList","@id":"https:\/\/www.pescoluse.info\/index.php\/la-marina-di-pescoluse\/#breadcrumb","itemListElement":[{"@type":"ListItem","position":1,"name":"Home","item":"https:\/\/www.pescoluse.info\/"},{"@type":"ListItem","position":2,"name":"La Marina di Pescoluse"}]},{"@type":"WebSite","@id":"https:\/\/www.pescoluse.info\/#website","url":"https:\/\/www.pescoluse.info\/","name":"Pescoluse nel Salento Marina di Salve","description":"Per le tue vacanze al mare scegli Pescoluse e la sua Spiaggia","potentialAction":[{"@type":"SearchAction","target":{"@type":"EntryPoint","urlTemplate":"https:\/\/www.pescoluse.info\/?s={search_term_string}"},"query-input":{"@type":"PropertyValueSpecification","valueRequired":true,"valueName":"search_term_string"}}],"inLanguage":"it-IT"}]}},"_links":{"self":[{"href":"https:\/\/www.pescoluse.info\/index.php\/wp-json\/wp\/v2\/pages\/4","targetHints":{"allow":["GET"]}}],"collection":[{"href":"https:\/\/www.pescoluse.info\/index.php\/wp-json\/wp\/v2\/pages"}],"about":[{"href":"https:\/\/www.pescoluse.info\/index.php\/wp-json\/wp\/v2\/types\/page"}],"author":[{"embeddable":true,"href":"https:\/\/www.pescoluse.info\/index.php\/wp-json\/wp\/v2\/users\/7"}],"replies":[{"embeddable":true,"href":"https:\/\/www.pescoluse.info\/index.php\/wp-json\/wp\/v2\/comments?post=4"}],"version-history":[{"count":2,"href":"https:\/\/www.pescoluse.info\/index.php\/wp-json\/wp\/v2\/pages\/4\/revisions"}],"predecessor-version":[{"id":744,"href":"https:\/\/www.pescoluse.info\/index.php\/wp-json\/wp\/v2\/pages\/4\/revisions\/744"}],"wp:featuredmedia":[{"embeddable":true,"href":"https:\/\/www.pescoluse.info\/index.php\/wp-json\/wp\/v2\/media\/587"}],"wp:attachment":[{"href":"https:\/\/www.pescoluse.info\/index.php\/wp-json\/wp\/v2\/media?parent=4"}],"curies":[{"name":"wp","href":"https:\/\/api.w.org\/{rel}","templated":true}]}}