{"id":420,"date":"2013-10-12T09:29:56","date_gmt":"2013-10-12T08:29:56","guid":{"rendered":"http:\/\/www.pescoluse.info\/?page_id=420"},"modified":"2020-10-28T11:18:22","modified_gmt":"2020-10-28T10:18:22","slug":"pirati-e-torri-costiere-nel-salento","status":"publish","type":"page","link":"https:\/\/www.pescoluse.info\/index.php\/pirati-e-torri-costiere-nel-salento\/","title":{"rendered":"Pirati e Torri Costiere nel Salento"},"content":{"rendered":"<p><b>La pirateria<\/b> ha origini lontane nel tempo e uno dei teatri \u00e8 stato da sempre il basso Mediterraneo, proprio quella zona tra tacco e punta d&#8217;Italia: dal Medioevo fino a met\u00e0 Ottocento il mar Ionio fu luogo di scontri tra salentini e pirati. Nella memoria collettiva delle genti del Salento, le popolazioni pugliesi sono state le vittime dei corsari, e ad esse venivano sottratte derrate alimentari, capi di bestiame, uomini da impiegare come schiavi; le chiese venivano distrutte o bruciate.<\/p>\n<p><img decoding=\"async\" class=\"ngg-singlepic ngg-center\" src=\"https:\/\/www.pescoluse.info\/wp-content\/gallery\/territorio\/foto-aerea-torre-pali-spiaggia.jpg\" alt=\"Foto al volo spiaggia di torre pali \"><\/p>\n<p>I pirati, che muovevano dalle loro basi poste sulla costa dell\u2019Africa settentrionale, rappresentarono per il Salento ancora nel secolo XVIII e nella prima parte del XIX, una presenza cos\u00ec costante e minacciosa che la loro presenza si configur\u00f2 quale una vera e propria guerra. Sotto i regni di Carlo III, Ferdinando I e Francesco I, quindi per un periodo assai lungo, la flotta borbonica non riusc\u00ec sempre a fronteggiare efficacemente questi avversari e le marine di Salve subirono incursioni frequenti e devastanti.<\/p>\n<p>Dal 1537, Carlo V aveva dato l\u2019avvio alla costruzione delle <b>torri lungo tutte le coste salentine<\/b> e per difendere il territorio vennero costruite la Torre dei Pali e Torre Vado; nella stessa epoca furono erette delle torri sia nel centro abitato, nelle abitazioni delle famiglie pi\u00f9 benestanti, sia nelle numerose masserie sparse nel feudo.<\/p>\n<p><b>Torre Pali<\/b> sorge in un territorio particolarmente interessante oggi dal punto di vista turistico e paesaggistico: la torre costiera a pianta circolare, \u00e8 stata eretta quando le scorrerie si moltiplicarono portando terrore e distruzione tra le popolazioni, e occorreva necessariamente intervenire con un piano di difesa che prevedeva la costruzione di una cinta costiera di guardia. Oggi, a causa dell&#8217;erosione, \u00e8 completamente circondata dalle acque del mare, a circa 15 metri dalla costa.<\/p>\n<p><b>Torre Vado<\/b> \u00e8 la torre costiera che domina la cittadina omonima, oggi rinomata zona turistica la cui storia ha radici lontane nel tempo.<\/p>\n<p><b>Salve<\/b> anticamente veniva difesa dai Salvesi; nessuna antica o recente fiaba pu\u00f2 contestare questo merito ai salvesi, e anche il merito di aver contribuito in tal modo a preservare il resto della Puglia dall&#8217;invasione. Se c&#8217;\u00e8 un popolo che pu\u00f2 dirsi esperto di torri per la difesa \u00e8 decisamente quello dei salvesi, grazie anche alle torri costiere usate come punti di avvistamento e di segnalazione di un pericolo imminente. <b>Nel 1480<\/b> per esempio i pirati attaccarono Salve, ma i salvesi riuscirono a difendersi nascondendosi e attaccando dal fortilizio.<\/p>\n<p>Salve venne presa di mira anche dal famoso <b>pirata Torghoud Reis Dragut,<\/b> noto semplicemente come Dragut e famoso per i numerosi saccheggi condotti soprattutto nel mar Adriatico. Il 22 luglio del 1547 giunse con le sue navi nel tratto compreso tra Pescoluse e Torre Pali e ordin\u00f2 di assaltare l\u2019abitato di Salve; Salvesi si resero ancora una volta protagonisti di una coraggiosa difesa, una pagina eroica e sanguinosa fra le altre, dimenticate o malnote della storia, contrastando i pirati con colpi di armi da fuoco e lanci di olio bollente.<\/p>\n<p>Proprio attorno al pirata Dragut, a Salve gira una <b>leggenda <\/b>relativa al piccolo scoglio della Fanciulla, posto a circa cento metri dalla spiaggia di Torre Pali: quando il corsaro Dragut invi\u00f2 i suoi uomini a depredare alcune delle masserie delle campagne di Salve, essi catturarono anche la figlia di un colono la quale si rifiut\u00f2 di rinnegare la religione cristiana, promessa che gli avrebbe salvato la vita. Venne uccisa e gettata in mare dallo stesso Dragut e in seguito il suo corpo venne trovato sull&#8217;isoletta che da quel momento venne chiamato l&#8217;Isola della Fanciulla.<\/p>\n","protected":false},"excerpt":{"rendered":"<p>La pirateria ha origini lontane nel tempo e uno dei teatri \u00e8 stato da sempre il basso Mediterraneo, proprio quella zona tra tacco e punta d&#8217;Italia: dal Medioevo fino a met\u00e0 Ottocento il mar Ionio fu luogo di scontri tra salentini e pirati. Nella memoria collettiva delle genti del Salento, le popolazioni pugliesi sono state le vittime dei corsari, e ad esse venivano sottratte derrate alimentari, capi di bestiame, uomini da impiegare come schiavi; le chiese venivano distrutte o bruciate. I pirati, che muovevano dalle loro basi poste sulla costa dell\u2019Africa settentrionale, rappresentarono per il Salento ancora nel secolo XVIII <\/p>\n","protected":false},"author":7,"featured_media":0,"parent":0,"menu_order":0,"comment_status":"open","ping_status":"closed","template":"","meta":{"_sitemap_exclude":false,"_sitemap_priority":"","_sitemap_frequency":"","ngg_post_thumbnail":0,"footnotes":""},"class_list":["post-420","page","type-page","status-publish","hentry"],"yoast_head":"<!-- This site is optimized with the Yoast SEO plugin v26.2 - https:\/\/yoast.com\/wordpress\/plugins\/seo\/ -->\n<title>Pirati e Torri Costiere nel Salento<\/title>\n<meta name=\"description\" content=\"Torre Pali sorge in un territorio particolarmente interessante oggi dal punto di vista turistico e paesaggistico: la torre costiera a pianta circolare, \u00e8 stata eretta quando le scorrerie si moltiplicarono portando terrore e distruzione tra le popolazioni.\" \/>\n<meta name=\"robots\" content=\"index, follow, max-snippet:-1, max-image-preview:large, max-video-preview:-1\" \/>\n<link rel=\"canonical\" href=\"https:\/\/www.pescoluse.info\/index.php\/pirati-e-torri-costiere-nel-salento\/\" \/>\n<meta property=\"og:locale\" content=\"it_IT\" \/>\n<meta property=\"og:type\" content=\"article\" \/>\n<meta property=\"og:title\" content=\"Pirati e Torri Costiere nel Salento\" \/>\n<meta property=\"og:description\" content=\"Torre Pali sorge in un territorio particolarmente interessante oggi dal punto di vista turistico e paesaggistico: la torre costiera a pianta circolare, \u00e8 stata eretta quando le scorrerie si moltiplicarono portando terrore e distruzione tra le popolazioni.\" \/>\n<meta property=\"og:url\" content=\"https:\/\/www.pescoluse.info\/index.php\/pirati-e-torri-costiere-nel-salento\/\" \/>\n<meta property=\"og:site_name\" content=\"Pescoluse nel Salento Marina di Salve\" \/>\n<meta property=\"article:publisher\" content=\"https:\/\/www.facebook.com\/Pescoluseinfo-Spiaggia-del-Salento-252097411467116\/\" \/>\n<meta property=\"article:modified_time\" content=\"2020-10-28T10:18:22+00:00\" \/>\n<meta property=\"og:image\" content=\"https:\/\/www.pescoluse.info\/wp-content\/gallery\/territorio\/foto-aerea-torre-pali-spiaggia.jpg\" \/>\n<meta name=\"twitter:card\" content=\"summary_large_image\" \/>\n<meta name=\"twitter:label1\" content=\"Tempo di lettura stimato\" \/>\n\t<meta name=\"twitter:data1\" content=\"3 minuti\" \/>\n<script type=\"application\/ld+json\" class=\"yoast-schema-graph\">{\"@context\":\"https:\/\/schema.org\",\"@graph\":[{\"@type\":\"WebPage\",\"@id\":\"https:\/\/www.pescoluse.info\/index.php\/pirati-e-torri-costiere-nel-salento\/\",\"url\":\"https:\/\/www.pescoluse.info\/index.php\/pirati-e-torri-costiere-nel-salento\/\",\"name\":\"Pirati e Torri Costiere nel Salento\",\"isPartOf\":{\"@id\":\"https:\/\/www.pescoluse.info\/#website\"},\"primaryImageOfPage\":{\"@id\":\"https:\/\/www.pescoluse.info\/index.php\/pirati-e-torri-costiere-nel-salento\/#primaryimage\"},\"image\":{\"@id\":\"https:\/\/www.pescoluse.info\/index.php\/pirati-e-torri-costiere-nel-salento\/#primaryimage\"},\"thumbnailUrl\":\"https:\/\/www.pescoluse.info\/wp-content\/gallery\/territorio\/foto-aerea-torre-pali-spiaggia.jpg\",\"datePublished\":\"2013-10-12T08:29:56+00:00\",\"dateModified\":\"2020-10-28T10:18:22+00:00\",\"description\":\"Torre Pali sorge in un territorio particolarmente interessante oggi dal punto di vista turistico e paesaggistico: la torre costiera a pianta circolare, \u00e8 stata eretta quando le scorrerie si moltiplicarono portando terrore e distruzione tra le popolazioni.\",\"breadcrumb\":{\"@id\":\"https:\/\/www.pescoluse.info\/index.php\/pirati-e-torri-costiere-nel-salento\/#breadcrumb\"},\"inLanguage\":\"it-IT\",\"potentialAction\":[{\"@type\":\"ReadAction\",\"target\":[\"https:\/\/www.pescoluse.info\/index.php\/pirati-e-torri-costiere-nel-salento\/\"]}]},{\"@type\":\"ImageObject\",\"inLanguage\":\"it-IT\",\"@id\":\"https:\/\/www.pescoluse.info\/index.php\/pirati-e-torri-costiere-nel-salento\/#primaryimage\",\"url\":\"https:\/\/www.pescoluse.info\/wp-content\/gallery\/territorio\/foto-aerea-torre-pali-spiaggia.jpg\",\"contentUrl\":\"https:\/\/www.pescoluse.info\/wp-content\/gallery\/territorio\/foto-aerea-torre-pali-spiaggia.jpg\"},{\"@type\":\"BreadcrumbList\",\"@id\":\"https:\/\/www.pescoluse.info\/index.php\/pirati-e-torri-costiere-nel-salento\/#breadcrumb\",\"itemListElement\":[{\"@type\":\"ListItem\",\"position\":1,\"name\":\"Home\",\"item\":\"https:\/\/www.pescoluse.info\/\"},{\"@type\":\"ListItem\",\"position\":2,\"name\":\"Pirati e Torri Costiere nel Salento\"}]},{\"@type\":\"WebSite\",\"@id\":\"https:\/\/www.pescoluse.info\/#website\",\"url\":\"https:\/\/www.pescoluse.info\/\",\"name\":\"Pescoluse nel Salento Marina di Salve\",\"description\":\"Per le tue vacanze al mare scegli Pescoluse e la sua Spiaggia\",\"potentialAction\":[{\"@type\":\"SearchAction\",\"target\":{\"@type\":\"EntryPoint\",\"urlTemplate\":\"https:\/\/www.pescoluse.info\/?s={search_term_string}\"},\"query-input\":{\"@type\":\"PropertyValueSpecification\",\"valueRequired\":true,\"valueName\":\"search_term_string\"}}],\"inLanguage\":\"it-IT\"}]}<\/script>\n<!-- \/ Yoast SEO plugin. -->","yoast_head_json":{"title":"Pirati e Torri Costiere nel Salento","description":"Torre Pali sorge in un territorio particolarmente interessante oggi dal punto di vista turistico e paesaggistico: la torre costiera a pianta circolare, \u00e8 stata eretta quando le scorrerie si moltiplicarono portando terrore e distruzione tra le popolazioni.","robots":{"index":"index","follow":"follow","max-snippet":"max-snippet:-1","max-image-preview":"max-image-preview:large","max-video-preview":"max-video-preview:-1"},"canonical":"https:\/\/www.pescoluse.info\/index.php\/pirati-e-torri-costiere-nel-salento\/","og_locale":"it_IT","og_type":"article","og_title":"Pirati e Torri Costiere nel Salento","og_description":"Torre Pali sorge in un territorio particolarmente interessante oggi dal punto di vista turistico e paesaggistico: la torre costiera a pianta circolare, \u00e8 stata eretta quando le scorrerie si moltiplicarono portando terrore e distruzione tra le popolazioni.","og_url":"https:\/\/www.pescoluse.info\/index.php\/pirati-e-torri-costiere-nel-salento\/","og_site_name":"Pescoluse nel Salento Marina di Salve","article_publisher":"https:\/\/www.facebook.com\/Pescoluseinfo-Spiaggia-del-Salento-252097411467116\/","article_modified_time":"2020-10-28T10:18:22+00:00","og_image":[{"url":"https:\/\/www.pescoluse.info\/wp-content\/gallery\/territorio\/foto-aerea-torre-pali-spiaggia.jpg","type":"","width":"","height":""}],"twitter_card":"summary_large_image","twitter_misc":{"Tempo di lettura stimato":"3 minuti"},"schema":{"@context":"https:\/\/schema.org","@graph":[{"@type":"WebPage","@id":"https:\/\/www.pescoluse.info\/index.php\/pirati-e-torri-costiere-nel-salento\/","url":"https:\/\/www.pescoluse.info\/index.php\/pirati-e-torri-costiere-nel-salento\/","name":"Pirati e Torri Costiere nel Salento","isPartOf":{"@id":"https:\/\/www.pescoluse.info\/#website"},"primaryImageOfPage":{"@id":"https:\/\/www.pescoluse.info\/index.php\/pirati-e-torri-costiere-nel-salento\/#primaryimage"},"image":{"@id":"https:\/\/www.pescoluse.info\/index.php\/pirati-e-torri-costiere-nel-salento\/#primaryimage"},"thumbnailUrl":"https:\/\/www.pescoluse.info\/wp-content\/gallery\/territorio\/foto-aerea-torre-pali-spiaggia.jpg","datePublished":"2013-10-12T08:29:56+00:00","dateModified":"2020-10-28T10:18:22+00:00","description":"Torre Pali sorge in un territorio particolarmente interessante oggi dal punto di vista turistico e paesaggistico: la torre costiera a pianta circolare, \u00e8 stata eretta quando le scorrerie si moltiplicarono portando terrore e distruzione tra le popolazioni.","breadcrumb":{"@id":"https:\/\/www.pescoluse.info\/index.php\/pirati-e-torri-costiere-nel-salento\/#breadcrumb"},"inLanguage":"it-IT","potentialAction":[{"@type":"ReadAction","target":["https:\/\/www.pescoluse.info\/index.php\/pirati-e-torri-costiere-nel-salento\/"]}]},{"@type":"ImageObject","inLanguage":"it-IT","@id":"https:\/\/www.pescoluse.info\/index.php\/pirati-e-torri-costiere-nel-salento\/#primaryimage","url":"https:\/\/www.pescoluse.info\/wp-content\/gallery\/territorio\/foto-aerea-torre-pali-spiaggia.jpg","contentUrl":"https:\/\/www.pescoluse.info\/wp-content\/gallery\/territorio\/foto-aerea-torre-pali-spiaggia.jpg"},{"@type":"BreadcrumbList","@id":"https:\/\/www.pescoluse.info\/index.php\/pirati-e-torri-costiere-nel-salento\/#breadcrumb","itemListElement":[{"@type":"ListItem","position":1,"name":"Home","item":"https:\/\/www.pescoluse.info\/"},{"@type":"ListItem","position":2,"name":"Pirati e Torri Costiere nel Salento"}]},{"@type":"WebSite","@id":"https:\/\/www.pescoluse.info\/#website","url":"https:\/\/www.pescoluse.info\/","name":"Pescoluse nel Salento Marina di Salve","description":"Per le tue vacanze al mare scegli Pescoluse e la sua Spiaggia","potentialAction":[{"@type":"SearchAction","target":{"@type":"EntryPoint","urlTemplate":"https:\/\/www.pescoluse.info\/?s={search_term_string}"},"query-input":{"@type":"PropertyValueSpecification","valueRequired":true,"valueName":"search_term_string"}}],"inLanguage":"it-IT"}]}},"_links":{"self":[{"href":"https:\/\/www.pescoluse.info\/index.php\/wp-json\/wp\/v2\/pages\/420","targetHints":{"allow":["GET"]}}],"collection":[{"href":"https:\/\/www.pescoluse.info\/index.php\/wp-json\/wp\/v2\/pages"}],"about":[{"href":"https:\/\/www.pescoluse.info\/index.php\/wp-json\/wp\/v2\/types\/page"}],"author":[{"embeddable":true,"href":"https:\/\/www.pescoluse.info\/index.php\/wp-json\/wp\/v2\/users\/7"}],"replies":[{"embeddable":true,"href":"https:\/\/www.pescoluse.info\/index.php\/wp-json\/wp\/v2\/comments?post=420"}],"version-history":[{"count":0,"href":"https:\/\/www.pescoluse.info\/index.php\/wp-json\/wp\/v2\/pages\/420\/revisions"}],"wp:attachment":[{"href":"https:\/\/www.pescoluse.info\/index.php\/wp-json\/wp\/v2\/media?parent=420"}],"curies":[{"name":"wp","href":"https:\/\/api.w.org\/{rel}","templated":true}]}}