{"id":422,"date":"2013-11-18T14:36:15","date_gmt":"2013-11-18T13:36:15","guid":{"rendered":"http:\/\/www.pescoluse.info\/?page_id=422"},"modified":"2013-09-04T11:59:08","modified_gmt":"2013-09-04T10:59:08","slug":"la-bonifica-delle-paludi-nelle-marine-di-salve","status":"publish","type":"page","link":"https:\/\/www.pescoluse.info\/index.php\/la-bonifica-delle-paludi-nelle-marine-di-salve\/","title":{"rendered":"La bonifica delle Paludi nelle marine di Salve"},"content":{"rendered":"<p>La sicurezza territoriale \u00e8 condizione fondamentale per la vita stessa di un luogo, e ne sono una prova <b>le azioni svolte dall\u2019uomo sul territorio salvese <\/b>nel corso dei secoli, che hanno consentito lo sviluppo della civilt\u00e0. La bonifica di zone paludose, l&#8217;allontanamento delle acque in eccesso, la disponibilit\u00e0 di acqua per i diversi usi sono, infatti, i presupposti per la conservazione del territorio, ed oggi pi\u00f9 che mai \u00e8 indispensabile avere un territorio sicuro, sul quale si possa vivere, lavorare, produrre.<\/p>\n<p>Se \u00e8 vero che la bonifica \u00e8 un\u2019attivit\u00e0 che non conosce fine, perch\u00e9 gli equilibri creati dall\u2019uomo hanno bisogno di essere continuamente mantenuti, \u00e8 altrettanto vero che \u00e8 quasi impossibile trovare un inizio alla sua storia. A Salve <b>fin dalla met\u00e0 del XVIII secolo<\/b> Carlo III cerc\u00f2 di interessarsi della bonifica delle paludi marine di Salve, ordinando all\u2019Universit\u00e0 di Ugento di intervenire; venne realizzato un semplice canale di deflusso che scaricava in mare le acque delle paludi. Un <b>Regio Decreto del 1855, prevedeva bonifiche,<\/b> sistemazione idraulica e rimboschimento, ma rimase inattuato a causa della fine del regno borbonico.<\/p>\n<div id=\"attachment_426\" style=\"width: 810px\" class=\"wp-caption alignleft\"><a href=\"https:\/\/www.pescoluse.info\/wp-content\/uploads\/2013\/09\/bonifica-torre-pali.jpg\"><img loading=\"lazy\" decoding=\"async\" aria-describedby=\"caption-attachment-426\" class=\"size-full wp-image-426\" alt=\"Sulla foto aerea si intravedono i lavori di bonifica nella zona tra Torre Pali e Pescoluse\" src=\"https:\/\/www.pescoluse.info\/wp-content\/uploads\/2013\/09\/bonifica-torre-pali.jpg\" width=\"800\" height=\"519\" srcset=\"https:\/\/www.pescoluse.info\/wp-content\/uploads\/2013\/09\/bonifica-torre-pali.jpg 800w, https:\/\/www.pescoluse.info\/wp-content\/uploads\/2013\/09\/bonifica-torre-pali-300x194.jpg 300w, https:\/\/www.pescoluse.info\/wp-content\/uploads\/2013\/09\/bonifica-torre-pali-462x300.jpg 462w\" sizes=\"auto, (max-width: 800px) 100vw, 800px\" \/><\/a><p id=\"caption-attachment-426\" class=\"wp-caption-text\">Sulla foto aerea si intravedono i lavori di bonifica nella zona tra Torre Pali e Pescoluse<\/p><\/div>\n<p>Gli appassionati di storia locale sanno bene che la zona delle marine di Salve era infestata dalla <b>malaria,<\/b> una malattia infettiva dovuta ad un protozoo del genere <i>Plasmodium,<\/i> che si trasmette all&#8217;uomo attraverso la puntura di zanzare del genere <i>Anopheles<\/i>: causando attacchi febbrili che rendono gli uomini incapaci di lavorare, \u00e8 stata per secoli la pi\u00f9 insidiosa nemica dell&#8217;agricoltura. La bonifica del terreno palustre era il sistema per impedire la riproduzione della zanzara. L\u2019obbiettivo non era dunque solo rendere maggiormente produttiva una particolare zona del Salento, ma fornire l\u2019occasione di sviluppo a interi territori. In questo senso, si fece serrata la lotta alla malaria. Per secoli si era invece creduto dipendere dai miasmi delle acque ferme, vuoi per la putrefazione della vegetazione, vuoi per il mescolarsi di acque salate e dolci.<\/p>\n<p>Il prosciugamento delle paludi di Salve si impose come una misura di salute pubblica propedeutica alla piena valorizzazione di territori. E cos\u00ec,<b> nel periodo post-unitario<\/b> vennero effettuati vari studi, ideati dai diversi ingegneri, anche se non vennero seguiti da vere realizzazioni.<\/p>\n<div id=\"attachment_425\" style=\"width: 810px\" class=\"wp-caption alignleft\"><a href=\"https:\/\/www.pescoluse.info\/wp-content\/uploads\/2013\/09\/bonifica-foto.jpg\"><img loading=\"lazy\" decoding=\"async\" aria-describedby=\"caption-attachment-425\" class=\"size-full wp-image-425\" alt=\"Bonifica zona Torre San Giovanni\" src=\"https:\/\/www.pescoluse.info\/wp-content\/uploads\/2013\/09\/bonifica-foto.jpg\" width=\"800\" height=\"557\" srcset=\"https:\/\/www.pescoluse.info\/wp-content\/uploads\/2013\/09\/bonifica-foto.jpg 800w, https:\/\/www.pescoluse.info\/wp-content\/uploads\/2013\/09\/bonifica-foto-300x208.jpg 300w, https:\/\/www.pescoluse.info\/wp-content\/uploads\/2013\/09\/bonifica-foto-430x300.jpg 430w\" sizes=\"auto, (max-width: 800px) 100vw, 800px\" \/><\/a><p id=\"caption-attachment-425\" class=\"wp-caption-text\">Bonifica zona Torre San Giovanni<\/p><\/div>\n<p><b>La Legge Baccarini del 1882<\/b> affid\u00f2 al governo la tutela e l\u2019ispezione sulle opere di bonifica ma gli infiniti scontri tra gli stessi componenti dell\u2019amministrazione Provinciale rallentarono l&#8217;opera. <b>Col fascismo, nel 1923<\/b> si inaugur\u00f2 una nuova normativa definita della &#8220;bonifica integrale&#8221;, secondo la quale al prosciugamento doveva seguire la sistemazione del territorio; venne cos\u00ec costituito il Consorzio di bonifica Mammalie, Rottacapozza e Pali, e l\u2019ingegner Princivalle previde nel 1928 inizialmente la costruzione di due canali a marea e poi della litoranea Torre San Giovanni \u2013 Posto Vecchio, e della strada Salve \u2013 Posto Vecchio. I successivi lavori di risanamento furono poi portati a termine negli anni \u201950.<\/p>\n<p>La bonifica delle paludi marine di Salve, \u00e8 stata fondamentale in una zona quale il basso Salento, che costituisce un modello di riferimento di un\u2019economia che compete nei mercati partendo dall\u2019esaltazione dei valori del territorio e, infatti, \u00e8 una rinomata meta turistica, non solo per il suo patrimonio ineguagliabile di bellezze naturali ed artistiche, ma anche per le produzioni agricole di pregio e per l\u2019enogastronomia ad esse collegata, come agriturismo, strade del vino, prodotti tipici doc, docg, igt, parchi, oasi naturali.<\/p>\n","protected":false},"excerpt":{"rendered":"<p>La sicurezza territoriale \u00e8 condizione fondamentale per la vita stessa di un luogo, e ne sono una prova le azioni svolte dall\u2019uomo sul territorio salvese nel corso dei secoli, che hanno consentito lo sviluppo della civilt\u00e0. La bonifica di zone paludose, l&#8217;allontanamento delle acque in eccesso, la disponibilit\u00e0 di acqua per i diversi usi sono, infatti, i presupposti per la conservazione del territorio, ed oggi pi\u00f9 che mai \u00e8 indispensabile avere un territorio sicuro, sul quale si possa vivere, lavorare, produrre. Se \u00e8 vero che la bonifica \u00e8 un\u2019attivit\u00e0 che non conosce fine, perch\u00e9 gli equilibri creati dall\u2019uomo hanno bisogno <\/p>\n","protected":false},"author":7,"featured_media":0,"parent":0,"menu_order":0,"comment_status":"open","ping_status":"closed","template":"","meta":{"_sitemap_exclude":false,"_sitemap_priority":"","_sitemap_frequency":"","ngg_post_thumbnail":0,"footnotes":""},"class_list":["post-422","page","type-page","status-publish","hentry"],"yoast_head":"<!-- This site is optimized with the Yoast SEO plugin v26.2 - https:\/\/yoast.com\/wordpress\/plugins\/seo\/ -->\n<title>La bonifica delle Paludi nelle marine di Salve<\/title>\n<meta name=\"description\" content=\"A Salve fin dalla met\u00e0 del XVIII secolo Carlo III cerc\u00f2 di interessarsi della bonifica delle paludi marine di Salve, ordinando all\u2019Universit\u00e0 di Ugento di intervenire\" \/>\n<meta name=\"robots\" content=\"index, follow, max-snippet:-1, max-image-preview:large, max-video-preview:-1\" \/>\n<link rel=\"canonical\" href=\"https:\/\/www.pescoluse.info\/index.php\/la-bonifica-delle-paludi-nelle-marine-di-salve\/\" \/>\n<meta property=\"og:locale\" content=\"it_IT\" \/>\n<meta property=\"og:type\" content=\"article\" \/>\n<meta property=\"og:title\" content=\"La bonifica delle Paludi nelle marine di Salve\" \/>\n<meta property=\"og:description\" content=\"A Salve fin dalla met\u00e0 del XVIII secolo Carlo III cerc\u00f2 di interessarsi della bonifica delle paludi marine di Salve, ordinando all\u2019Universit\u00e0 di Ugento di intervenire\" \/>\n<meta property=\"og:url\" content=\"https:\/\/www.pescoluse.info\/index.php\/la-bonifica-delle-paludi-nelle-marine-di-salve\/\" \/>\n<meta property=\"og:site_name\" content=\"Pescoluse nel Salento Marina di Salve\" \/>\n<meta property=\"article:publisher\" content=\"https:\/\/www.facebook.com\/Pescoluseinfo-Spiaggia-del-Salento-252097411467116\/\" \/>\n<meta property=\"og:image\" content=\"https:\/\/www.pescoluse.info\/wp-content\/uploads\/2013\/09\/bonifica-torre-pali.jpg\" \/>\n<meta name=\"twitter:card\" content=\"summary_large_image\" \/>\n<meta name=\"twitter:label1\" content=\"Tempo di lettura stimato\" \/>\n\t<meta name=\"twitter:data1\" content=\"3 minuti\" \/>\n<script type=\"application\/ld+json\" class=\"yoast-schema-graph\">{\"@context\":\"https:\/\/schema.org\",\"@graph\":[{\"@type\":\"WebPage\",\"@id\":\"https:\/\/www.pescoluse.info\/index.php\/la-bonifica-delle-paludi-nelle-marine-di-salve\/\",\"url\":\"https:\/\/www.pescoluse.info\/index.php\/la-bonifica-delle-paludi-nelle-marine-di-salve\/\",\"name\":\"La bonifica delle Paludi nelle marine di Salve\",\"isPartOf\":{\"@id\":\"https:\/\/www.pescoluse.info\/#website\"},\"primaryImageOfPage\":{\"@id\":\"https:\/\/www.pescoluse.info\/index.php\/la-bonifica-delle-paludi-nelle-marine-di-salve\/#primaryimage\"},\"image\":{\"@id\":\"https:\/\/www.pescoluse.info\/index.php\/la-bonifica-delle-paludi-nelle-marine-di-salve\/#primaryimage\"},\"thumbnailUrl\":\"https:\/\/www.pescoluse.info\/wp-content\/uploads\/2013\/09\/bonifica-torre-pali.jpg\",\"datePublished\":\"2013-11-18T13:36:15+00:00\",\"description\":\"A Salve fin dalla met\u00e0 del XVIII secolo Carlo III cerc\u00f2 di interessarsi della bonifica delle paludi marine di Salve, ordinando all\u2019Universit\u00e0 di Ugento di intervenire\",\"breadcrumb\":{\"@id\":\"https:\/\/www.pescoluse.info\/index.php\/la-bonifica-delle-paludi-nelle-marine-di-salve\/#breadcrumb\"},\"inLanguage\":\"it-IT\",\"potentialAction\":[{\"@type\":\"ReadAction\",\"target\":[\"https:\/\/www.pescoluse.info\/index.php\/la-bonifica-delle-paludi-nelle-marine-di-salve\/\"]}]},{\"@type\":\"ImageObject\",\"inLanguage\":\"it-IT\",\"@id\":\"https:\/\/www.pescoluse.info\/index.php\/la-bonifica-delle-paludi-nelle-marine-di-salve\/#primaryimage\",\"url\":\"https:\/\/www.pescoluse.info\/wp-content\/uploads\/2013\/09\/bonifica-torre-pali.jpg\",\"contentUrl\":\"https:\/\/www.pescoluse.info\/wp-content\/uploads\/2013\/09\/bonifica-torre-pali.jpg\"},{\"@type\":\"BreadcrumbList\",\"@id\":\"https:\/\/www.pescoluse.info\/index.php\/la-bonifica-delle-paludi-nelle-marine-di-salve\/#breadcrumb\",\"itemListElement\":[{\"@type\":\"ListItem\",\"position\":1,\"name\":\"Home\",\"item\":\"https:\/\/www.pescoluse.info\/\"},{\"@type\":\"ListItem\",\"position\":2,\"name\":\"La bonifica delle Paludi nelle marine di Salve\"}]},{\"@type\":\"WebSite\",\"@id\":\"https:\/\/www.pescoluse.info\/#website\",\"url\":\"https:\/\/www.pescoluse.info\/\",\"name\":\"Pescoluse nel Salento Marina di Salve\",\"description\":\"Per le tue vacanze al mare scegli Pescoluse e la sua Spiaggia\",\"potentialAction\":[{\"@type\":\"SearchAction\",\"target\":{\"@type\":\"EntryPoint\",\"urlTemplate\":\"https:\/\/www.pescoluse.info\/?s={search_term_string}\"},\"query-input\":{\"@type\":\"PropertyValueSpecification\",\"valueRequired\":true,\"valueName\":\"search_term_string\"}}],\"inLanguage\":\"it-IT\"}]}<\/script>\n<!-- \/ Yoast SEO plugin. -->","yoast_head_json":{"title":"La bonifica delle Paludi nelle marine di Salve","description":"A Salve fin dalla met\u00e0 del XVIII secolo Carlo III cerc\u00f2 di interessarsi della bonifica delle paludi marine di Salve, ordinando all\u2019Universit\u00e0 di Ugento di intervenire","robots":{"index":"index","follow":"follow","max-snippet":"max-snippet:-1","max-image-preview":"max-image-preview:large","max-video-preview":"max-video-preview:-1"},"canonical":"https:\/\/www.pescoluse.info\/index.php\/la-bonifica-delle-paludi-nelle-marine-di-salve\/","og_locale":"it_IT","og_type":"article","og_title":"La bonifica delle Paludi nelle marine di Salve","og_description":"A Salve fin dalla met\u00e0 del XVIII secolo Carlo III cerc\u00f2 di interessarsi della bonifica delle paludi marine di Salve, ordinando all\u2019Universit\u00e0 di Ugento di intervenire","og_url":"https:\/\/www.pescoluse.info\/index.php\/la-bonifica-delle-paludi-nelle-marine-di-salve\/","og_site_name":"Pescoluse nel Salento Marina di Salve","article_publisher":"https:\/\/www.facebook.com\/Pescoluseinfo-Spiaggia-del-Salento-252097411467116\/","og_image":[{"url":"https:\/\/www.pescoluse.info\/wp-content\/uploads\/2013\/09\/bonifica-torre-pali.jpg","type":"","width":"","height":""}],"twitter_card":"summary_large_image","twitter_misc":{"Tempo di lettura stimato":"3 minuti"},"schema":{"@context":"https:\/\/schema.org","@graph":[{"@type":"WebPage","@id":"https:\/\/www.pescoluse.info\/index.php\/la-bonifica-delle-paludi-nelle-marine-di-salve\/","url":"https:\/\/www.pescoluse.info\/index.php\/la-bonifica-delle-paludi-nelle-marine-di-salve\/","name":"La bonifica delle Paludi nelle marine di Salve","isPartOf":{"@id":"https:\/\/www.pescoluse.info\/#website"},"primaryImageOfPage":{"@id":"https:\/\/www.pescoluse.info\/index.php\/la-bonifica-delle-paludi-nelle-marine-di-salve\/#primaryimage"},"image":{"@id":"https:\/\/www.pescoluse.info\/index.php\/la-bonifica-delle-paludi-nelle-marine-di-salve\/#primaryimage"},"thumbnailUrl":"https:\/\/www.pescoluse.info\/wp-content\/uploads\/2013\/09\/bonifica-torre-pali.jpg","datePublished":"2013-11-18T13:36:15+00:00","description":"A Salve fin dalla met\u00e0 del XVIII secolo Carlo III cerc\u00f2 di interessarsi della bonifica delle paludi marine di Salve, ordinando all\u2019Universit\u00e0 di Ugento di intervenire","breadcrumb":{"@id":"https:\/\/www.pescoluse.info\/index.php\/la-bonifica-delle-paludi-nelle-marine-di-salve\/#breadcrumb"},"inLanguage":"it-IT","potentialAction":[{"@type":"ReadAction","target":["https:\/\/www.pescoluse.info\/index.php\/la-bonifica-delle-paludi-nelle-marine-di-salve\/"]}]},{"@type":"ImageObject","inLanguage":"it-IT","@id":"https:\/\/www.pescoluse.info\/index.php\/la-bonifica-delle-paludi-nelle-marine-di-salve\/#primaryimage","url":"https:\/\/www.pescoluse.info\/wp-content\/uploads\/2013\/09\/bonifica-torre-pali.jpg","contentUrl":"https:\/\/www.pescoluse.info\/wp-content\/uploads\/2013\/09\/bonifica-torre-pali.jpg"},{"@type":"BreadcrumbList","@id":"https:\/\/www.pescoluse.info\/index.php\/la-bonifica-delle-paludi-nelle-marine-di-salve\/#breadcrumb","itemListElement":[{"@type":"ListItem","position":1,"name":"Home","item":"https:\/\/www.pescoluse.info\/"},{"@type":"ListItem","position":2,"name":"La bonifica delle Paludi nelle marine di Salve"}]},{"@type":"WebSite","@id":"https:\/\/www.pescoluse.info\/#website","url":"https:\/\/www.pescoluse.info\/","name":"Pescoluse nel Salento Marina di Salve","description":"Per le tue vacanze al mare scegli Pescoluse e la sua Spiaggia","potentialAction":[{"@type":"SearchAction","target":{"@type":"EntryPoint","urlTemplate":"https:\/\/www.pescoluse.info\/?s={search_term_string}"},"query-input":{"@type":"PropertyValueSpecification","valueRequired":true,"valueName":"search_term_string"}}],"inLanguage":"it-IT"}]}},"_links":{"self":[{"href":"https:\/\/www.pescoluse.info\/index.php\/wp-json\/wp\/v2\/pages\/422","targetHints":{"allow":["GET"]}}],"collection":[{"href":"https:\/\/www.pescoluse.info\/index.php\/wp-json\/wp\/v2\/pages"}],"about":[{"href":"https:\/\/www.pescoluse.info\/index.php\/wp-json\/wp\/v2\/types\/page"}],"author":[{"embeddable":true,"href":"https:\/\/www.pescoluse.info\/index.php\/wp-json\/wp\/v2\/users\/7"}],"replies":[{"embeddable":true,"href":"https:\/\/www.pescoluse.info\/index.php\/wp-json\/wp\/v2\/comments?post=422"}],"version-history":[{"count":0,"href":"https:\/\/www.pescoluse.info\/index.php\/wp-json\/wp\/v2\/pages\/422\/revisions"}],"wp:attachment":[{"href":"https:\/\/www.pescoluse.info\/index.php\/wp-json\/wp\/v2\/media?parent=422"}],"curies":[{"name":"wp","href":"https:\/\/api.w.org\/{rel}","templated":true}]}}