{"id":429,"date":"2013-12-08T09:19:14","date_gmt":"2013-12-08T08:19:14","guid":{"rendered":"http:\/\/www.pescoluse.info\/?page_id=429"},"modified":"2013-09-05T09:19:42","modified_gmt":"2013-09-05T08:19:42","slug":"chiesa-san-nicola-magno-salve-le","status":"publish","type":"page","link":"https:\/\/www.pescoluse.info\/index.php\/chiesa-san-nicola-magno-salve-le\/","title":{"rendered":"Chiesa San Nicola Magno Salve (LE)"},"content":{"rendered":"<p>L&#8217;attuale Chiesa di S. Nicola Magno, a Salve, risale agli anni Cinquanta: chi vi entra rimane impressionato dalle caratteristiche proprie di questo luogo di culto, i colori splendenti, l&#8217;iconografia e la bellezza interna in contrasto con la semplicit\u00e0 che si riscontra nella facciata. Sembra come entrare in un mondo di colore e di luce; la struttura architettonica e le decorazioni creano sorprendentemente una caratteristica atmosfera di culto.<\/p>\n<p><img decoding=\"async\" class=\"ngg-singlepic ngg-none\" alt=\"Chiesa San Nicola Magno Slave (LE)\" src=\"https:\/\/www.pescoluse.info\/wp-content\/gallery\/chiesa-san-nicola-salve\/chiesa-san-nicola-magno-salve-001.jpg\" \/><\/p>\n<p>Il popolo di Salve \u00e8 molto devoto a <b>San Nicola Magno,<\/b> uno dei santi pi\u00f9 popolari di tutta la cristianit\u00e0, in Italia \u00e8 santo patrono di oltre 270 comuni. L&#8217;interno di questa sacra costruzione \u00e8 ricco di opere d&#8217;arte che appaiono essenziali per illustrare, ricordare, istruire sul Santo, ma soprattutto per aiutare ad innescare la spiritualit\u00e0 pi\u00f9 profonda, che nella sua dimensione pi\u00f9 intensa e felice si fa emozione, commozione, benessere. La <b>statua in pietra leccese di San Nicola,<\/b> ha come emblema il bastone pastorale e tre sacchetti di monete in relazione alla leggenda di una dote concessa a tre fanciulle che altrimenti sarebbero state avviate alla prostituzione a causa della povert\u00e0. E&#8217; affiancata dalle statue di S. Sebastiano, S. Rocco e la Madonna.<\/p>\n<p><b>Il possente organo<\/b> restaurato nel 1978, si compone di 393 canne metalliche tutte martellate a mano, ed \u00e8 l&#8217;organo funzionante pi\u00f9 antico della Puglia e fra i pi\u00f9 antichi d&#8217;Italia: \u00e8 una grande opera d&#8217;arte, non meno delle tele pittoriche, delle sculture, dei mosaici e di tutti i manufatti artistici che, nel corso dei secoli, hanno contribuito ad abbellire questa chiesa.<\/p>\n<p><img decoding=\"async\" class=\"ngg-singlepic ngg-none\" alt=\"Organo del 1628 nella chiesa di San Nicola in Salve (LE)\" src=\"https:\/\/www.pescoluse.info\/wp-content\/gallery\/chiesa-san-nicola-salve\/organo-1628-chiesa-san-nicola-salve.jpg\" \/><\/p>\n<p>Singolare anche la <b>statua in pietra del &#8220;Cristo flagellato alla colonna&#8221;<\/b> del XVII secolo: spostata in campagna tra le localit\u00e0 Serrazza e Fani, venne rubata nel 1990, e ritrovata nel settembre del 1999 per infine essere riportata sul presbiterio della chiesa.<\/p>\n<p>Molto suggestivo anche il <b>Crocefisso ligneo<\/b> dello scultore Giuseppe Stuflesser di Ortisei, posizionato, al centro della parete di fondo dell&#8217;abside: l&#8217;icona del Cristo, immagine sacra, \u00e8 l&#8217;espressione tipica dell&#8217;arte della Chiesa, e occupa un posto importantissimo nel culto e nella teologia; essa per i Salvesi non ha semplicemente funzione decorativa, ma rende presente il soggetto raffigurato.<\/p>\n<p>Nel 1983 delle nuove <b>vetrate policrome<\/b> sono state collocate nei tre grandi finestroni dell&#8217;abside: la chiesa dedicata a San Nicola Magno riconosce cos\u00ec che la bellezza \u00e8 una dimensione fondamentale della vita e che tramite la luce e le cerimonie liturgiche della Chiesa, la bellezza diventa un mezzo importantissimo per lodare Dio.<\/p>\n<p>L&#8217;architettura e l&#8217;arte sono funzionali all&#8217;esperienza totale del culto nella chiesa di Salve, che coinvolge intelletto, sentimenti e sensi; \u00e8 per questo che si \u00e8 fortemente voluto, nel 2004, un nuovo <b>coro ligneo,<\/b> che \u00e8 stato realizzato in noce boliviano dall&#8217;artigiano Giuseppe Valente di Miggiano.<\/p>\n<p>Dalla navata, il vasto spazio centrale della chiesa, dove i fedeli si riuniscono per il culto, si possono ammirare le bellissime <b>tele che fanno riferimento alla cultura e al mondo salentini;<\/b> senza dubbio degna di nota \u00e8 <b>&#8220;Il Risorto sul Lago di Galilea&#8221;<\/b> di Vito Russo e sempre sua \u00e8 <b>&#8220;La moltiplicazione dei pani e dei pesci&#8221;<\/b> con la figura di Ges\u00f9 \u00e8 posta al centro della tela, e sullo sfondo molto personalizzato, muretti a secco e pajare fanno compagnia agli apostoli che si aggirano tra le masserie. Il dipinto <b>&#8220;Le nozze di Cana&#8221;<\/b> \u00e8 ambientato in un&#8217;antica masseria vicino Salve e i cibi offerti sono quelli tipici del Salento.<\/p>\nngg_shortcode_0_placeholder\n","protected":false},"excerpt":{"rendered":"<p>L&#8217;attuale Chiesa di S. Nicola Magno, a Salve, risale agli anni Cinquanta: chi vi entra rimane impressionato dalle caratteristiche proprie di questo luogo di culto, i colori splendenti, l&#8217;iconografia e la bellezza interna in contrasto con la semplicit\u00e0 che si riscontra nella facciata. Sembra come entrare in un mondo di colore e di luce; la struttura architettonica e le decorazioni creano sorprendentemente una caratteristica atmosfera di culto. Il popolo di Salve \u00e8 molto devoto a San Nicola Magno, uno dei santi pi\u00f9 popolari di tutta la cristianit\u00e0, in Italia \u00e8 santo patrono di oltre 270 comuni. L&#8217;interno di questa sacra <\/p>\n","protected":false},"author":7,"featured_media":0,"parent":0,"menu_order":0,"comment_status":"open","ping_status":"closed","template":"","meta":{"_sitemap_exclude":false,"_sitemap_priority":"","_sitemap_frequency":"","ngg_post_thumbnail":0,"footnotes":""},"class_list":["post-429","page","type-page","status-publish","hentry"],"yoast_head":"<!-- This site is optimized with the Yoast SEO plugin v26.2 - https:\/\/yoast.com\/wordpress\/plugins\/seo\/ -->\n<title>Chiesa San Nicola Magno Salve (LE)<\/title>\n<meta name=\"description\" content=\"L&#039;attuale Chiesa di S. Nicola Magno, a Salve, risale agli anni Cinquanta: chi vi entra rimane impressionato dalle caratteristiche proprie di questo luogo di culto, i colori splendenti, l&#039;iconografia e la bellezza interna in contrasto con la semplicit\u00e0 che si riscontra nella facciata.\" \/>\n<meta name=\"robots\" content=\"index, follow, max-snippet:-1, max-image-preview:large, max-video-preview:-1\" \/>\n<link rel=\"canonical\" href=\"https:\/\/www.pescoluse.info\/index.php\/chiesa-san-nicola-magno-salve-le\/\" \/>\n<meta property=\"og:locale\" content=\"it_IT\" \/>\n<meta property=\"og:type\" content=\"article\" \/>\n<meta property=\"og:title\" content=\"Chiesa San Nicola Magno Salve (LE)\" \/>\n<meta property=\"og:description\" content=\"L&#039;attuale Chiesa di S. Nicola Magno, a Salve, risale agli anni Cinquanta: chi vi entra rimane impressionato dalle caratteristiche proprie di questo luogo di culto, i colori splendenti, l&#039;iconografia e la bellezza interna in contrasto con la semplicit\u00e0 che si riscontra nella facciata.\" \/>\n<meta property=\"og:url\" content=\"https:\/\/www.pescoluse.info\/index.php\/chiesa-san-nicola-magno-salve-le\/\" \/>\n<meta property=\"og:site_name\" content=\"Pescoluse nel Salento Marina di Salve\" \/>\n<meta property=\"article:publisher\" content=\"https:\/\/www.facebook.com\/Pescoluseinfo-Spiaggia-del-Salento-252097411467116\/\" \/>\n<meta property=\"og:image\" content=\"https:\/\/www.pescoluse.info\/wp-content\/gallery\/chiesa-san-nicola-salve\/chiesa-san-nicola-magno-salve-001.jpg\" \/>\n<meta name=\"twitter:card\" content=\"summary_large_image\" \/>\n<meta name=\"twitter:label1\" content=\"Tempo di lettura stimato\" \/>\n\t<meta name=\"twitter:data1\" content=\"3 minuti\" \/>\n<script type=\"application\/ld+json\" class=\"yoast-schema-graph\">{\"@context\":\"https:\/\/schema.org\",\"@graph\":[{\"@type\":\"WebPage\",\"@id\":\"https:\/\/www.pescoluse.info\/index.php\/chiesa-san-nicola-magno-salve-le\/\",\"url\":\"https:\/\/www.pescoluse.info\/index.php\/chiesa-san-nicola-magno-salve-le\/\",\"name\":\"Chiesa San Nicola Magno Salve (LE)\",\"isPartOf\":{\"@id\":\"https:\/\/www.pescoluse.info\/#website\"},\"primaryImageOfPage\":{\"@id\":\"https:\/\/www.pescoluse.info\/index.php\/chiesa-san-nicola-magno-salve-le\/#primaryimage\"},\"image\":{\"@id\":\"https:\/\/www.pescoluse.info\/index.php\/chiesa-san-nicola-magno-salve-le\/#primaryimage\"},\"thumbnailUrl\":\"https:\/\/www.pescoluse.info\/wp-content\/gallery\/chiesa-san-nicola-salve\/chiesa-san-nicola-magno-salve-001.jpg\",\"datePublished\":\"2013-12-08T08:19:14+00:00\",\"description\":\"L'attuale Chiesa di S. Nicola Magno, a Salve, risale agli anni Cinquanta: chi vi entra rimane impressionato dalle caratteristiche proprie di questo luogo di culto, i colori splendenti, l'iconografia e la bellezza interna in contrasto con la semplicit\u00e0 che si riscontra nella facciata.\",\"breadcrumb\":{\"@id\":\"https:\/\/www.pescoluse.info\/index.php\/chiesa-san-nicola-magno-salve-le\/#breadcrumb\"},\"inLanguage\":\"it-IT\",\"potentialAction\":[{\"@type\":\"ReadAction\",\"target\":[\"https:\/\/www.pescoluse.info\/index.php\/chiesa-san-nicola-magno-salve-le\/\"]}]},{\"@type\":\"ImageObject\",\"inLanguage\":\"it-IT\",\"@id\":\"https:\/\/www.pescoluse.info\/index.php\/chiesa-san-nicola-magno-salve-le\/#primaryimage\",\"url\":\"https:\/\/www.pescoluse.info\/wp-content\/gallery\/chiesa-san-nicola-salve\/chiesa-san-nicola-magno-salve-001.jpg\",\"contentUrl\":\"https:\/\/www.pescoluse.info\/wp-content\/gallery\/chiesa-san-nicola-salve\/chiesa-san-nicola-magno-salve-001.jpg\"},{\"@type\":\"BreadcrumbList\",\"@id\":\"https:\/\/www.pescoluse.info\/index.php\/chiesa-san-nicola-magno-salve-le\/#breadcrumb\",\"itemListElement\":[{\"@type\":\"ListItem\",\"position\":1,\"name\":\"Home\",\"item\":\"https:\/\/www.pescoluse.info\/\"},{\"@type\":\"ListItem\",\"position\":2,\"name\":\"Chiesa San Nicola Magno Salve (LE)\"}]},{\"@type\":\"WebSite\",\"@id\":\"https:\/\/www.pescoluse.info\/#website\",\"url\":\"https:\/\/www.pescoluse.info\/\",\"name\":\"Pescoluse nel Salento Marina di Salve\",\"description\":\"Per le tue vacanze al mare scegli Pescoluse e la sua Spiaggia\",\"potentialAction\":[{\"@type\":\"SearchAction\",\"target\":{\"@type\":\"EntryPoint\",\"urlTemplate\":\"https:\/\/www.pescoluse.info\/?s={search_term_string}\"},\"query-input\":{\"@type\":\"PropertyValueSpecification\",\"valueRequired\":true,\"valueName\":\"search_term_string\"}}],\"inLanguage\":\"it-IT\"}]}<\/script>\n<!-- \/ Yoast SEO plugin. -->","yoast_head_json":{"title":"Chiesa San Nicola Magno Salve (LE)","description":"L'attuale Chiesa di S. Nicola Magno, a Salve, risale agli anni Cinquanta: chi vi entra rimane impressionato dalle caratteristiche proprie di questo luogo di culto, i colori splendenti, l'iconografia e la bellezza interna in contrasto con la semplicit\u00e0 che si riscontra nella facciata.","robots":{"index":"index","follow":"follow","max-snippet":"max-snippet:-1","max-image-preview":"max-image-preview:large","max-video-preview":"max-video-preview:-1"},"canonical":"https:\/\/www.pescoluse.info\/index.php\/chiesa-san-nicola-magno-salve-le\/","og_locale":"it_IT","og_type":"article","og_title":"Chiesa San Nicola Magno Salve (LE)","og_description":"L'attuale Chiesa di S. Nicola Magno, a Salve, risale agli anni Cinquanta: chi vi entra rimane impressionato dalle caratteristiche proprie di questo luogo di culto, i colori splendenti, l'iconografia e la bellezza interna in contrasto con la semplicit\u00e0 che si riscontra nella facciata.","og_url":"https:\/\/www.pescoluse.info\/index.php\/chiesa-san-nicola-magno-salve-le\/","og_site_name":"Pescoluse nel Salento Marina di Salve","article_publisher":"https:\/\/www.facebook.com\/Pescoluseinfo-Spiaggia-del-Salento-252097411467116\/","og_image":[{"url":"https:\/\/www.pescoluse.info\/wp-content\/gallery\/chiesa-san-nicola-salve\/chiesa-san-nicola-magno-salve-001.jpg","type":"","width":"","height":""}],"twitter_card":"summary_large_image","twitter_misc":{"Tempo di lettura stimato":"3 minuti"},"schema":{"@context":"https:\/\/schema.org","@graph":[{"@type":"WebPage","@id":"https:\/\/www.pescoluse.info\/index.php\/chiesa-san-nicola-magno-salve-le\/","url":"https:\/\/www.pescoluse.info\/index.php\/chiesa-san-nicola-magno-salve-le\/","name":"Chiesa San Nicola Magno Salve (LE)","isPartOf":{"@id":"https:\/\/www.pescoluse.info\/#website"},"primaryImageOfPage":{"@id":"https:\/\/www.pescoluse.info\/index.php\/chiesa-san-nicola-magno-salve-le\/#primaryimage"},"image":{"@id":"https:\/\/www.pescoluse.info\/index.php\/chiesa-san-nicola-magno-salve-le\/#primaryimage"},"thumbnailUrl":"https:\/\/www.pescoluse.info\/wp-content\/gallery\/chiesa-san-nicola-salve\/chiesa-san-nicola-magno-salve-001.jpg","datePublished":"2013-12-08T08:19:14+00:00","description":"L'attuale Chiesa di S. Nicola Magno, a Salve, risale agli anni Cinquanta: chi vi entra rimane impressionato dalle caratteristiche proprie di questo luogo di culto, i colori splendenti, l'iconografia e la bellezza interna in contrasto con la semplicit\u00e0 che si riscontra nella facciata.","breadcrumb":{"@id":"https:\/\/www.pescoluse.info\/index.php\/chiesa-san-nicola-magno-salve-le\/#breadcrumb"},"inLanguage":"it-IT","potentialAction":[{"@type":"ReadAction","target":["https:\/\/www.pescoluse.info\/index.php\/chiesa-san-nicola-magno-salve-le\/"]}]},{"@type":"ImageObject","inLanguage":"it-IT","@id":"https:\/\/www.pescoluse.info\/index.php\/chiesa-san-nicola-magno-salve-le\/#primaryimage","url":"https:\/\/www.pescoluse.info\/wp-content\/gallery\/chiesa-san-nicola-salve\/chiesa-san-nicola-magno-salve-001.jpg","contentUrl":"https:\/\/www.pescoluse.info\/wp-content\/gallery\/chiesa-san-nicola-salve\/chiesa-san-nicola-magno-salve-001.jpg"},{"@type":"BreadcrumbList","@id":"https:\/\/www.pescoluse.info\/index.php\/chiesa-san-nicola-magno-salve-le\/#breadcrumb","itemListElement":[{"@type":"ListItem","position":1,"name":"Home","item":"https:\/\/www.pescoluse.info\/"},{"@type":"ListItem","position":2,"name":"Chiesa San Nicola Magno Salve (LE)"}]},{"@type":"WebSite","@id":"https:\/\/www.pescoluse.info\/#website","url":"https:\/\/www.pescoluse.info\/","name":"Pescoluse nel Salento Marina di Salve","description":"Per le tue vacanze al mare scegli Pescoluse e la sua Spiaggia","potentialAction":[{"@type":"SearchAction","target":{"@type":"EntryPoint","urlTemplate":"https:\/\/www.pescoluse.info\/?s={search_term_string}"},"query-input":{"@type":"PropertyValueSpecification","valueRequired":true,"valueName":"search_term_string"}}],"inLanguage":"it-IT"}]}},"_links":{"self":[{"href":"https:\/\/www.pescoluse.info\/index.php\/wp-json\/wp\/v2\/pages\/429","targetHints":{"allow":["GET"]}}],"collection":[{"href":"https:\/\/www.pescoluse.info\/index.php\/wp-json\/wp\/v2\/pages"}],"about":[{"href":"https:\/\/www.pescoluse.info\/index.php\/wp-json\/wp\/v2\/types\/page"}],"author":[{"embeddable":true,"href":"https:\/\/www.pescoluse.info\/index.php\/wp-json\/wp\/v2\/users\/7"}],"replies":[{"embeddable":true,"href":"https:\/\/www.pescoluse.info\/index.php\/wp-json\/wp\/v2\/comments?post=429"}],"version-history":[{"count":1,"href":"https:\/\/www.pescoluse.info\/index.php\/wp-json\/wp\/v2\/pages\/429\/revisions"}],"predecessor-version":[{"id":706,"href":"https:\/\/www.pescoluse.info\/index.php\/wp-json\/wp\/v2\/pages\/429\/revisions\/706"}],"wp:attachment":[{"href":"https:\/\/www.pescoluse.info\/index.php\/wp-json\/wp\/v2\/media?parent=429"}],"curies":[{"name":"wp","href":"https:\/\/api.w.org\/{rel}","templated":true}]}}