{"id":434,"date":"2014-01-05T09:43:32","date_gmt":"2014-01-05T08:43:32","guid":{"rendered":"http:\/\/www.pescoluse.info\/?page_id=434"},"modified":"2024-03-18T10:32:35","modified_gmt":"2024-03-18T09:32:35","slug":"organo-olgiati-mauro-del-1628-nel-comune-di-salve","status":"publish","type":"page","link":"https:\/\/www.pescoluse.info\/index.php\/organo-olgiati-mauro-del-1628-nel-comune-di-salve\/","title":{"rendered":"Organo Olgiati-Mauro del 1628 nel comune di Salve"},"content":{"rendered":"\n<p>L&#8217;organo di Salve, posto nella magnifica <b>parrocchiale di San Nicola Magno in provincia di Lecce<\/b>, \u00e8 il pi\u00f9 antico tra quelli funzionanti in Puglia, e rappresenta un magnifico strumento musicale, anche perch\u00e8 questa chiesa \u00e8 uno splendido auditorium. Grazie al <b>restauro del 1978<\/b> molte sono oggi le iniziative concertistiche o formative, per rivitalizzare quella tradizione musicale che ha fatto grande il Salento. Ascoltando la voce dell&#8217;organo che volteggia e danza fra le austere architetture della chiesa di San Nicola Magno, si comprende che quest&#8217;organo vive le sue vicende con la storia che gli uomini gli regalano: la sua vita e la sua conservazione dipendono completamente dall&#8217;uomo, ha bisogno di tutto e, in primissimo luogo, di non essere abbandonato al degrado che, inesorabilmente, il tempo e l&#8217;oblio tracciano su di lui.<\/p>\n\n\n\n<figure class=\"wp-block-image\"><img decoding=\"async\" src=\"https:\/\/www.pescoluse.info\/wp-content\/gallery\/chiesa-san-nicola-salve\/organo-1628-chiesa-san-nicola-salve.jpg\" alt=\"Organo del 1628 nella chiesa di San Nicola in Salve (LE)\"\/><\/figure>\n\n\n\n<p>L&#8217;organo fu costruito nel 1628 da <b>Giovan Battista Olgiati<\/b> di Como e <b>Tomaso Mauro<\/b> originario di Muro Leccese (da cui il nome attuale di <b>&#8220;Organo Olgiati-Muro&#8221;<\/b>). L&#8217;organo \u00e8, fra tutte le magnifiche opere d&#8217;arte che ornano questa chiesa, quella pi\u00f9 fortemente e concretamente rappresentativa, perch\u00e9 da esso pare propagarsi quell&#8217;atto creativo che anim\u00f2 e continua ad animare l&#8217;uomo e l&#8217;universo e che si materializza in soffio che attraversa le canne, acquistando forma udibile ogni volta che questo organo suona.<\/p>\n\n\n\n<p>L&#8217;organo Olgiati-Muro, conserva quasi del tutto intatte la propria originale fisionomia e le antiche sonorit\u00e0, per non aver conosciuto nel tempo modifiche sostanziali, anche se all&#8217;inizio del XX secolo furono sostituite tastiera e pedaliera.<\/p>\n\n\n\n<p><b>Una leggenda<\/b> ruota attorno all&#8217;Organo Olgiati-Muro, narrando che un organo fabbricato in Liguria, stava costeggiano su una nave l&#8217;Italia, per giungere in Grecia; navigando lungo la costa ionica della penisola salentina la nave fu colta da una tempesta che la trascin\u00f2 fino alle Secche di Ugento, e la fece affondare. I pescatori di Torre Pali, la marina di Salve, accorsi a salvare i marinai, nelle casse del naufragio trovarono le canne di un organo, e poich\u00e8 la chiesa del loro paese era priva di un organo, decisero di prenderle e montare l&#8217;organo; da allora il suono melodioso incanta chi lo ascolta.<\/p>\n\n\n\n<p>L&#8217;organo del 1628 \u00e8 un&#8217;opera d&#8217;arte di inestimabile valore, da amare erispettare come si rispetta e si ama una tela d&#8217;autore, anche per il ricordo di coloro che l&#8217;hanno voluta e costruita, magari con sacrificio.<\/p>\n\n\n\n<p><strong>Scheda Tecnica dell&#8217;Organo &#8220;Olgiati-Mauro&#8221; di Salve<br><\/strong><\/p>\n\n\n\n<p><strong>Ubicazione:<\/strong> L&#8217;organo \u00e8 ubicato sulla cantoria laterale sinistra rispetto alla navata.<\/p>\n\n\n\n<p><strong>Descrizione:<\/strong> Cassa indipendente in legno con facciata traforata inserita in lesene angolari e divisa in cinque campate da sei lesene interne terminanti con capitelli che reggono archetti. In ogni campata c&#8217;\u00e8 un fascio di canne, ed organetti morti (canne superiori) nelle campate pari. Il fregio \u00e8 sormontato da un timpano triangolare spezzato al cui centro troneggia un ovale raggiato con la sigla IHS. Decorazione in oro su fondo bianco.<\/p>\n\n\n\n<p><strong>Caratteristiche:<\/strong><\/p>\n\n\n\n<p>Canna maggiore di facciata: RE 1 (Principale 8&#8242;)<br>1 Tastiera di&nbsp; 45&nbsp; tasti ( Do 1 -Do 5) con prima &#8220;ottava corta&#8221;.<br>Pedaliera a leggio di 8 tasti (Do 1 &#8211; Si 1).<br>Pressione mm 43 in colonna d&#8217;acqua.<br>Temperamento inequabile.<\/p>\n\n\n\n<p><strong>Registri:<\/strong><\/p>\n\n\n\n<p>Principale 8&#8242;<br>Ottava<br>Duodecima<br>Decimaquinta<br>Decimanona rit. Fa diesis 3<br>Vigesima Seconda rit. Do diesis 3<br>Vigesimasesta rit. Fa diesis 3-4<br>Voce umana (crescente) dal Do 3<br>Flauto in VIII<br>Contrabassi (registro senza comando proprio)<\/p>\n\n\n\n<p><strong>Accessori:<\/strong><\/p>\n\n\n\n<p>Tiratutti a pomello; unione costante Pedale-Manuale.<br>Usignolo, Tre mantici originali cuneiformi. Elettroventilatore.<\/p>\n","protected":false},"excerpt":{"rendered":"<p>L&#8217;organo di Salve, posto nella magnifica parrocchiale di San Nicola Magno in provincia di Lecce, \u00e8 il pi\u00f9 antico tra quelli funzionanti in Puglia, e rappresenta un magnifico strumento musicale, anche perch\u00e8 questa chiesa \u00e8 uno splendido auditorium. Grazie al restauro del 1978 molte sono oggi le iniziative concertistiche o formative, per rivitalizzare quella tradizione musicale che ha fatto grande il Salento. Ascoltando la voce dell&#8217;organo che volteggia e danza fra le austere architetture della chiesa di San Nicola Magno, si comprende che quest&#8217;organo vive le sue vicende con la storia che gli uomini gli regalano: la sua vita e <\/p>\n","protected":false},"author":7,"featured_media":0,"parent":0,"menu_order":0,"comment_status":"open","ping_status":"closed","template":"","meta":{"_sitemap_exclude":false,"_sitemap_priority":"","_sitemap_frequency":"","ngg_post_thumbnail":0,"footnotes":""},"class_list":["post-434","page","type-page","status-publish","hentry"],"yoast_head":"<!-- This site is optimized with the Yoast SEO plugin v26.2 - https:\/\/yoast.com\/wordpress\/plugins\/seo\/ -->\n<title>Organo Olgiati-Mauro del 1628 nel comune di Salve<\/title>\n<meta name=\"description\" content=\"L&#039;organo di Salve, posto nella magnifica parrocchiale di San Nicola Magno in provincia di Lecce, \u00e8 il pi\u00f9 antico tra quelli funzionanti in Puglia, e rappresenta un magnifico strumento musicale, anche perch\u00e8 questa chiesa \u00e8 uno splendido auditorium. Grazie al restauro del 1978 molte sono oggi le iniziative concertistiche o formative, per rivitalizzare quella tradizione musicale che ha fatto grande il Salento.\" \/>\n<meta name=\"robots\" content=\"index, follow, max-snippet:-1, max-image-preview:large, max-video-preview:-1\" \/>\n<link rel=\"canonical\" href=\"https:\/\/www.pescoluse.info\/index.php\/organo-olgiati-mauro-del-1628-nel-comune-di-salve\/\" \/>\n<meta property=\"og:locale\" content=\"it_IT\" \/>\n<meta property=\"og:type\" content=\"article\" \/>\n<meta property=\"og:title\" content=\"Organo Olgiati-Mauro del 1628 nel comune di Salve\" \/>\n<meta property=\"og:description\" content=\"L&#039;organo di Salve, posto nella magnifica parrocchiale di San Nicola Magno in provincia di Lecce, \u00e8 il pi\u00f9 antico tra quelli funzionanti in Puglia, e rappresenta un magnifico strumento musicale, anche perch\u00e8 questa chiesa \u00e8 uno splendido auditorium. Grazie al restauro del 1978 molte sono oggi le iniziative concertistiche o formative, per rivitalizzare quella tradizione musicale che ha fatto grande il Salento.\" \/>\n<meta property=\"og:url\" content=\"https:\/\/www.pescoluse.info\/index.php\/organo-olgiati-mauro-del-1628-nel-comune-di-salve\/\" \/>\n<meta property=\"og:site_name\" content=\"Pescoluse nel Salento Marina di Salve\" \/>\n<meta property=\"article:publisher\" content=\"https:\/\/www.facebook.com\/Pescoluseinfo-Spiaggia-del-Salento-252097411467116\/\" \/>\n<meta property=\"article:modified_time\" content=\"2024-03-18T09:32:35+00:00\" \/>\n<meta property=\"og:image\" content=\"https:\/\/www.pescoluse.info\/wp-content\/gallery\/chiesa-san-nicola-salve\/organo-1628-chiesa-san-nicola-salve.jpg\" \/>\n<meta name=\"twitter:card\" content=\"summary_large_image\" \/>\n<meta name=\"twitter:label1\" content=\"Tempo di lettura stimato\" \/>\n\t<meta name=\"twitter:data1\" content=\"4 minuti\" \/>\n<script type=\"application\/ld+json\" class=\"yoast-schema-graph\">{\"@context\":\"https:\/\/schema.org\",\"@graph\":[{\"@type\":\"WebPage\",\"@id\":\"https:\/\/www.pescoluse.info\/index.php\/organo-olgiati-mauro-del-1628-nel-comune-di-salve\/\",\"url\":\"https:\/\/www.pescoluse.info\/index.php\/organo-olgiati-mauro-del-1628-nel-comune-di-salve\/\",\"name\":\"Organo Olgiati-Mauro del 1628 nel comune di Salve\",\"isPartOf\":{\"@id\":\"https:\/\/www.pescoluse.info\/#website\"},\"primaryImageOfPage\":{\"@id\":\"https:\/\/www.pescoluse.info\/index.php\/organo-olgiati-mauro-del-1628-nel-comune-di-salve\/#primaryimage\"},\"image\":{\"@id\":\"https:\/\/www.pescoluse.info\/index.php\/organo-olgiati-mauro-del-1628-nel-comune-di-salve\/#primaryimage\"},\"thumbnailUrl\":\"https:\/\/www.pescoluse.info\/wp-content\/gallery\/chiesa-san-nicola-salve\/organo-1628-chiesa-san-nicola-salve.jpg\",\"datePublished\":\"2014-01-05T08:43:32+00:00\",\"dateModified\":\"2024-03-18T09:32:35+00:00\",\"description\":\"L'organo di Salve, posto nella magnifica parrocchiale di San Nicola Magno in provincia di Lecce, \u00e8 il pi\u00f9 antico tra quelli funzionanti in Puglia, e rappresenta un magnifico strumento musicale, anche perch\u00e8 questa chiesa \u00e8 uno splendido auditorium. Grazie al restauro del 1978 molte sono oggi le iniziative concertistiche o formative, per rivitalizzare quella tradizione musicale che ha fatto grande il Salento.\",\"breadcrumb\":{\"@id\":\"https:\/\/www.pescoluse.info\/index.php\/organo-olgiati-mauro-del-1628-nel-comune-di-salve\/#breadcrumb\"},\"inLanguage\":\"it-IT\",\"potentialAction\":[{\"@type\":\"ReadAction\",\"target\":[\"https:\/\/www.pescoluse.info\/index.php\/organo-olgiati-mauro-del-1628-nel-comune-di-salve\/\"]}]},{\"@type\":\"ImageObject\",\"inLanguage\":\"it-IT\",\"@id\":\"https:\/\/www.pescoluse.info\/index.php\/organo-olgiati-mauro-del-1628-nel-comune-di-salve\/#primaryimage\",\"url\":\"https:\/\/www.pescoluse.info\/wp-content\/gallery\/chiesa-san-nicola-salve\/organo-1628-chiesa-san-nicola-salve.jpg\",\"contentUrl\":\"https:\/\/www.pescoluse.info\/wp-content\/gallery\/chiesa-san-nicola-salve\/organo-1628-chiesa-san-nicola-salve.jpg\"},{\"@type\":\"BreadcrumbList\",\"@id\":\"https:\/\/www.pescoluse.info\/index.php\/organo-olgiati-mauro-del-1628-nel-comune-di-salve\/#breadcrumb\",\"itemListElement\":[{\"@type\":\"ListItem\",\"position\":1,\"name\":\"Home\",\"item\":\"https:\/\/www.pescoluse.info\/\"},{\"@type\":\"ListItem\",\"position\":2,\"name\":\"Organo Olgiati-Mauro del 1628 nel comune di Salve\"}]},{\"@type\":\"WebSite\",\"@id\":\"https:\/\/www.pescoluse.info\/#website\",\"url\":\"https:\/\/www.pescoluse.info\/\",\"name\":\"Pescoluse nel Salento Marina di Salve\",\"description\":\"Per le tue vacanze al mare scegli Pescoluse e la sua Spiaggia\",\"potentialAction\":[{\"@type\":\"SearchAction\",\"target\":{\"@type\":\"EntryPoint\",\"urlTemplate\":\"https:\/\/www.pescoluse.info\/?s={search_term_string}\"},\"query-input\":{\"@type\":\"PropertyValueSpecification\",\"valueRequired\":true,\"valueName\":\"search_term_string\"}}],\"inLanguage\":\"it-IT\"}]}<\/script>\n<!-- \/ Yoast SEO plugin. -->","yoast_head_json":{"title":"Organo Olgiati-Mauro del 1628 nel comune di Salve","description":"L'organo di Salve, posto nella magnifica parrocchiale di San Nicola Magno in provincia di Lecce, \u00e8 il pi\u00f9 antico tra quelli funzionanti in Puglia, e rappresenta un magnifico strumento musicale, anche perch\u00e8 questa chiesa \u00e8 uno splendido auditorium. Grazie al restauro del 1978 molte sono oggi le iniziative concertistiche o formative, per rivitalizzare quella tradizione musicale che ha fatto grande il Salento.","robots":{"index":"index","follow":"follow","max-snippet":"max-snippet:-1","max-image-preview":"max-image-preview:large","max-video-preview":"max-video-preview:-1"},"canonical":"https:\/\/www.pescoluse.info\/index.php\/organo-olgiati-mauro-del-1628-nel-comune-di-salve\/","og_locale":"it_IT","og_type":"article","og_title":"Organo Olgiati-Mauro del 1628 nel comune di Salve","og_description":"L'organo di Salve, posto nella magnifica parrocchiale di San Nicola Magno in provincia di Lecce, \u00e8 il pi\u00f9 antico tra quelli funzionanti in Puglia, e rappresenta un magnifico strumento musicale, anche perch\u00e8 questa chiesa \u00e8 uno splendido auditorium. Grazie al restauro del 1978 molte sono oggi le iniziative concertistiche o formative, per rivitalizzare quella tradizione musicale che ha fatto grande il Salento.","og_url":"https:\/\/www.pescoluse.info\/index.php\/organo-olgiati-mauro-del-1628-nel-comune-di-salve\/","og_site_name":"Pescoluse nel Salento Marina di Salve","article_publisher":"https:\/\/www.facebook.com\/Pescoluseinfo-Spiaggia-del-Salento-252097411467116\/","article_modified_time":"2024-03-18T09:32:35+00:00","og_image":[{"url":"https:\/\/www.pescoluse.info\/wp-content\/gallery\/chiesa-san-nicola-salve\/organo-1628-chiesa-san-nicola-salve.jpg","type":"","width":"","height":""}],"twitter_card":"summary_large_image","twitter_misc":{"Tempo di lettura stimato":"4 minuti"},"schema":{"@context":"https:\/\/schema.org","@graph":[{"@type":"WebPage","@id":"https:\/\/www.pescoluse.info\/index.php\/organo-olgiati-mauro-del-1628-nel-comune-di-salve\/","url":"https:\/\/www.pescoluse.info\/index.php\/organo-olgiati-mauro-del-1628-nel-comune-di-salve\/","name":"Organo Olgiati-Mauro del 1628 nel comune di Salve","isPartOf":{"@id":"https:\/\/www.pescoluse.info\/#website"},"primaryImageOfPage":{"@id":"https:\/\/www.pescoluse.info\/index.php\/organo-olgiati-mauro-del-1628-nel-comune-di-salve\/#primaryimage"},"image":{"@id":"https:\/\/www.pescoluse.info\/index.php\/organo-olgiati-mauro-del-1628-nel-comune-di-salve\/#primaryimage"},"thumbnailUrl":"https:\/\/www.pescoluse.info\/wp-content\/gallery\/chiesa-san-nicola-salve\/organo-1628-chiesa-san-nicola-salve.jpg","datePublished":"2014-01-05T08:43:32+00:00","dateModified":"2024-03-18T09:32:35+00:00","description":"L'organo di Salve, posto nella magnifica parrocchiale di San Nicola Magno in provincia di Lecce, \u00e8 il pi\u00f9 antico tra quelli funzionanti in Puglia, e rappresenta un magnifico strumento musicale, anche perch\u00e8 questa chiesa \u00e8 uno splendido auditorium. Grazie al restauro del 1978 molte sono oggi le iniziative concertistiche o formative, per rivitalizzare quella tradizione musicale che ha fatto grande il Salento.","breadcrumb":{"@id":"https:\/\/www.pescoluse.info\/index.php\/organo-olgiati-mauro-del-1628-nel-comune-di-salve\/#breadcrumb"},"inLanguage":"it-IT","potentialAction":[{"@type":"ReadAction","target":["https:\/\/www.pescoluse.info\/index.php\/organo-olgiati-mauro-del-1628-nel-comune-di-salve\/"]}]},{"@type":"ImageObject","inLanguage":"it-IT","@id":"https:\/\/www.pescoluse.info\/index.php\/organo-olgiati-mauro-del-1628-nel-comune-di-salve\/#primaryimage","url":"https:\/\/www.pescoluse.info\/wp-content\/gallery\/chiesa-san-nicola-salve\/organo-1628-chiesa-san-nicola-salve.jpg","contentUrl":"https:\/\/www.pescoluse.info\/wp-content\/gallery\/chiesa-san-nicola-salve\/organo-1628-chiesa-san-nicola-salve.jpg"},{"@type":"BreadcrumbList","@id":"https:\/\/www.pescoluse.info\/index.php\/organo-olgiati-mauro-del-1628-nel-comune-di-salve\/#breadcrumb","itemListElement":[{"@type":"ListItem","position":1,"name":"Home","item":"https:\/\/www.pescoluse.info\/"},{"@type":"ListItem","position":2,"name":"Organo Olgiati-Mauro del 1628 nel comune di Salve"}]},{"@type":"WebSite","@id":"https:\/\/www.pescoluse.info\/#website","url":"https:\/\/www.pescoluse.info\/","name":"Pescoluse nel Salento Marina di Salve","description":"Per le tue vacanze al mare scegli Pescoluse e la sua Spiaggia","potentialAction":[{"@type":"SearchAction","target":{"@type":"EntryPoint","urlTemplate":"https:\/\/www.pescoluse.info\/?s={search_term_string}"},"query-input":{"@type":"PropertyValueSpecification","valueRequired":true,"valueName":"search_term_string"}}],"inLanguage":"it-IT"}]}},"_links":{"self":[{"href":"https:\/\/www.pescoluse.info\/index.php\/wp-json\/wp\/v2\/pages\/434","targetHints":{"allow":["GET"]}}],"collection":[{"href":"https:\/\/www.pescoluse.info\/index.php\/wp-json\/wp\/v2\/pages"}],"about":[{"href":"https:\/\/www.pescoluse.info\/index.php\/wp-json\/wp\/v2\/types\/page"}],"author":[{"embeddable":true,"href":"https:\/\/www.pescoluse.info\/index.php\/wp-json\/wp\/v2\/users\/7"}],"replies":[{"embeddable":true,"href":"https:\/\/www.pescoluse.info\/index.php\/wp-json\/wp\/v2\/comments?post=434"}],"version-history":[{"count":1,"href":"https:\/\/www.pescoluse.info\/index.php\/wp-json\/wp\/v2\/pages\/434\/revisions"}],"predecessor-version":[{"id":749,"href":"https:\/\/www.pescoluse.info\/index.php\/wp-json\/wp\/v2\/pages\/434\/revisions\/749"}],"wp:attachment":[{"href":"https:\/\/www.pescoluse.info\/index.php\/wp-json\/wp\/v2\/media?parent=434"}],"curies":[{"name":"wp","href":"https:\/\/api.w.org\/{rel}","templated":true}]}}