{"id":90,"date":"2024-03-15T08:18:48","date_gmt":"2024-03-15T07:18:48","guid":{"rendered":"http:\/\/www.pescoluse.info\/?page_id=90"},"modified":"2024-03-15T19:20:27","modified_gmt":"2024-03-15T18:20:27","slug":"i-video","status":"publish","type":"page","link":"https:\/\/www.pescoluse.info\/index.php\/i-video\/","title":{"rendered":"I video di Pescoluse"},"content":{"rendered":"\n<h2 class=\"wp-block-heading\">Un viaggio virtuale alla scoperta della natura e delle tradizioni di Pescoluse nel Salento<\/h2>\n\n\n\n<p>Immergetevi nell&#8217;incanto di Pescoluse attraverso la nostra selezione di video: un viaggio virtuale che vi porter\u00e0 a scoprire la bellezza del Salento in diversi suoi aspetti.<\/p>\n\n\n\n<p>Scoprite Pescoluse in movimento nella nostra esclusiva collezione di video. Dalle affascinanti tradizioni locali, immortalate in momenti autentici, ai tramonti mozzafiato che dipingono il cielo di colori indimenticabili; dalla sapiente preparazione dei piatti tipici salentini, che raccontano storie di gusto e passione, fino alla quotidiana arte della pesca, testimone della profonda connessione con il mare.<\/p>\n\n\n\n<p>Ogni video vi avvolger\u00e0 nell&#8217;atmosfera unica di Pescoluse, invitandovi a esplorare le diverse sfaccettature di questa meravigliosa terra. Preparatevi a vivere un&#8217;esperienza visiva che anticipa le emozioni e le scoperte che vi attendono nel cuore del Salento.<\/p>\n\n\n\n<p>I video delle magnifiche spiagge di Pescoluse, territorio, tradizione e cultura del Salento<\/p>\n\n\n\n<p>Tramonto sulla spiaggia di Pescoluse<\/p>\n\n\n\n<figure class=\"wp-block-embed is-type-video is-provider-youtube wp-block-embed-youtube wp-embed-aspect-16-9 wp-has-aspect-ratio\"><div class=\"wp-block-embed__wrapper\">\n<iframe loading=\"lazy\" title=\"Tramonto sulle Spiagge di Pescoluse nel Salento in Puglia\" width=\"680\" height=\"383\" src=\"https:\/\/www.youtube.com\/embed\/SbX5zFzj8LA?feature=oembed\" frameborder=\"0\" allow=\"accelerometer; autoplay; clipboard-write; encrypted-media; gyroscope; picture-in-picture; web-share\" allowfullscreen><\/iframe>\n<\/div><\/figure>\n\n\n\n<p>Presentare <b>la costa del Salento<\/b> attraverso un video, tra l&#8217;entroterra generoso e spiagge infinite di sabbia finissima, appare come semplice tour nella lussureggiante vegetazione. Alle spalle, <b>borghi medievali e siti archeologici <\/b>nella parte pi\u00f9 selvaggia e incontaminata del Salento, che sembrano quasi essere scoperti attraverso le immagini. Anche l&#8217;idea del video sulle <b>Sorgenti<\/b>, rinomata localit\u00e0 del Salento, \u00e8 eccitante e affascinante, facendo apparire diverso questo luogo magico, da tutto quello che si \u00e8 visto o sentito fino a questo momento, tra la dolcezza e la freschezza delle acque, che sgorgano da una fonte sotterranea di acqua dolce.<\/p>\n\n\n\n<p>Il nuovo video promozionale del Comune di Salve (2016).<\/p>\n\n\n\n<p>Mare limpido, spiagge dorate, storia, archeologia e antiche tradizioni. Questo e molto altro \u00e8 Salve, uno dei borghi pi\u00f9 belli dell\u2019accogliente terra salentina. Salve \u00e8 la meta ideale per chi vuole trascorrere una rilassante vacanza lasciandosi coccolare lentamente dal rumore del mare che si infrange su spiagge dalla sabbia finissima. Tantissimi gli amanti degli sport acquatici che per divertirsi scelgono le onde del suo mare cristallino insignito della Bandiera blu dal 2009 e della Bandiera verde dal 2013, quale \u201cSpiaggia a misura di bambino\u201d.<\/p>\n\n\n\n<figure class=\"wp-block-embed is-type-video is-provider-youtube wp-block-embed-youtube wp-embed-aspect-16-9 wp-has-aspect-ratio\"><div class=\"wp-block-embed__wrapper\">\n<iframe loading=\"lazy\" title=\"Salve - Piccola Grande Italia\" width=\"680\" height=\"383\" src=\"https:\/\/www.youtube.com\/embed\/foHgPN1q2Ng?feature=oembed\" frameborder=\"0\" allow=\"accelerometer; autoplay; clipboard-write; encrypted-media; gyroscope; picture-in-picture; web-share\" allowfullscreen><\/iframe>\n<\/div><\/figure>\n\n\n\n<p>Il video che presentiamo oggi riguarda la costa tra <a href=\"http:\/\/www.torrevado.org\" target=\"_blank\" rel=\"noopener noreferrer\">Torre Vado<\/a> e Pescoluse. Tra Spiaggia scoglie e sorgenti. Offerto da pescoluse.info<\/p>\n\n\n\n<figure class=\"wp-block-embed is-type-video is-provider-youtube wp-block-embed-youtube wp-embed-aspect-4-3 wp-has-aspect-ratio\"><div class=\"wp-block-embed__wrapper\">\n<iframe loading=\"lazy\" title=\"Il mare da Torre Vado a Pescoluse\" width=\"680\" height=\"510\" src=\"https:\/\/www.youtube.com\/embed\/oMx2trb7oaI?feature=oembed\" frameborder=\"0\" allow=\"accelerometer; autoplay; clipboard-write; encrypted-media; gyroscope; picture-in-picture; web-share\" allowfullscreen><\/iframe>\n<\/div><\/figure>\n\n\n\n<p>Il ballo della Pizzica durante la sagra della taranta e della pizzica nel comune di Salve<\/p>\n\n\n\n<figure class=\"wp-block-embed is-type-video is-provider-youtube wp-block-embed-youtube wp-embed-aspect-4-3 wp-has-aspect-ratio\"><div class=\"wp-block-embed__wrapper\">\n<iframe loading=\"lazy\" title=\"Ballare La pIzzica pizzicarella nel salento\" width=\"680\" height=\"510\" src=\"https:\/\/www.youtube.com\/embed\/V2dpYB-SDHQ?feature=oembed\" frameborder=\"0\" allow=\"accelerometer; autoplay; clipboard-write; encrypted-media; gyroscope; picture-in-picture; web-share\" allowfullscreen><\/iframe>\n<\/div><\/figure>\n\n\n\n<p>Salve Salento d&#8217;Amare &#8211; una passeggiata tra la cultura&nbsp; e gli usi Salentini<\/p>\n\n\n\n<figure class=\"wp-block-embed is-type-video is-provider-youtube wp-block-embed-youtube wp-embed-aspect-4-3 wp-has-aspect-ratio\"><div class=\"wp-block-embed__wrapper\">\n<iframe loading=\"lazy\" title=\"Salve (LECCE) &quot;Salento d&#039;amare&quot; (Valeria Coi, Tele Rama)\" width=\"680\" height=\"510\" src=\"https:\/\/www.youtube.com\/embed\/Iqn6HguXnCU?feature=oembed\" frameborder=\"0\" allow=\"accelerometer; autoplay; clipboard-write; encrypted-media; gyroscope; picture-in-picture; web-share\" allowfullscreen><\/iframe>\n<\/div><\/figure>\n\n\n\n<p>Piccolo video ricordo della VII edizione della Festa dell&#8217;Albero organizzata da LEGAMBIENTE DI SALVE CON LA COLLABORAZIONE DEL COMUNE E IL CONTRIBUTO DEL C.S.V. Video a cura di Legambiente Salve in collaborazione con www.pescoluse.info<\/p>\n\n\n\n<figure class=\"wp-block-embed is-type-video is-provider-youtube wp-block-embed-youtube wp-embed-aspect-16-9 wp-has-aspect-ratio\"><div class=\"wp-block-embed__wrapper\">\n<iframe loading=\"lazy\" title=\"Legambiente Salve VII Festa dell&#039;albero Novembre 2012\" width=\"680\" height=\"383\" src=\"https:\/\/www.youtube.com\/embed\/SuqQ8HYxmVM?feature=oembed\" frameborder=\"0\" allow=\"accelerometer; autoplay; clipboard-write; encrypted-media; gyroscope; picture-in-picture; web-share\" allowfullscreen><\/iframe>\n<\/div><\/figure>\n\n\n\n<p>I video di Pescoluse raccontano un evento, una caratteristica, narrano una storia assolutamente unica; sempre commoventi, sempre originali, sembrano quasi un invito ad <b>una passeggiata<\/b> tra il verde della natura, l&#8217;azzurro del mare e le tradizioni della gente.<\/p>\n\n\n\n<p>Non sembrano mai un qualcosa di gi\u00e0 visto ma sono sempre inediti, o al pi\u00f9 variazioni interessanti di un tema magari gi\u00e0 conosciuto come un <b>tramonto a Pescoluse,<\/b> che appare selvaggio, girato con una attenta ricerca dello scorcio perfetto, mentre i colori cambiano e il paesaggio si trasforma e l\u2019arancio del cielo d\u00e0 il suo benvenuto alla sera.<\/p>\n\n\n\n<p><b>Le tradizioni<\/b> di questa terra, attraverso le immagini acquistano ancor pi\u00f9 valore,  la <b>pizzica Salentina<\/b> che permette di scoprire le sonorit\u00e0 pi\u00f9 vivaci e ricche della Puglia, affascinando soprattutto per il significato socio-culturale, tra balli di gruppo e l&#8217;uso delle castagnole e del tamburello.<b> L&#8217;enogastronomia salentina,<\/b> il profumo dei pregiati vini D.O.C., l&#8217;olio extravergine, la pasta fatta in casa, visti in un video, stupiscono per la genuinit\u00e0 degli ingedienti e l&#8217;integrit\u00e0 delle ricette. Le tradizioni continuano tra <b>leggende, proverbi, ritmi, storie<\/b> narrate dagli anziani, che costituiscono il patrimonio sapienziale del popolo del Salento, in un ideale viaggio attraverso <b>feste popolari<\/b> sacre e profane, nella dimensione rituale, liturgica e festiva del Salento. In Salento non mancano <b>feste dedicate alla natura <\/b>che abbellisce i paesaggi del Salento, agli alberi secolari che la caratterizzano, tra oliveti e querceti, riuscendo a coniugare l&#8217;accoglienza turistica e il rispetto per l&#8217;ambiente e per la storia di questi luoghi.<\/p>\n\n\n\n<p>Il Salento <b>era ed \u00e8<\/b> la meta ideale per i suoi paesaggi incontaminati, per i panorami mozzafiato e le atmosfere d\u2019altri tempi, che ancora sono combinati alla perfezione per regalare emozioni uniche. Una cultura esclusiva e un forte legame col passato fanno del Salento il luogo perfetto, tra monumenti imponenti, torri costiere e maestosi manieri. E quando si sar\u00e0 terminato di guardare i video, l\u2019idea si potr\u00e0 riassumere con una sola parola, con una sola immagine: il meraviglioso Salento.<\/p>\n","protected":false},"excerpt":{"rendered":"<p>Un viaggio virtuale alla scoperta della natura e delle tradizioni di Pescoluse nel Salento Immergetevi nell&#8217;incanto di Pescoluse attraverso la nostra selezione di video: un viaggio virtuale che vi porter\u00e0 a scoprire la bellezza del Salento in diversi suoi aspetti. Scoprite Pescoluse in movimento nella nostra esclusiva collezione di video. Dalle affascinanti tradizioni locali, immortalate in momenti autentici, ai tramonti mozzafiato che dipingono il cielo di colori indimenticabili; dalla sapiente preparazione dei piatti tipici salentini, che raccontano storie di gusto e passione, fino alla quotidiana arte della pesca, testimone della profonda connessione con il mare. Ogni video vi avvolger\u00e0 nell&#8217;atmosfera <\/p>\n","protected":false},"author":8,"featured_media":51,"parent":0,"menu_order":0,"comment_status":"open","ping_status":"closed","template":"","meta":{"_sitemap_exclude":false,"_sitemap_priority":"","_sitemap_frequency":"","ngg_post_thumbnail":0,"footnotes":""},"class_list":["post-90","page","type-page","status-publish","has-post-thumbnail","hentry","has_thumb"],"yoast_head":"<!-- This site is optimized with the Yoast SEO plugin v26.2 - https:\/\/yoast.com\/wordpress\/plugins\/seo\/ -->\n<title>Video della Marina di Pescoluse<\/title>\n<meta name=\"description\" content=\"Immergetevi nell&#039;incanto di Pescoluse attraverso la nostra selezione di video: un viaggio virtuale che vi porter\u00e0 a scoprire la bellezza del Salento in diversi suoi aspetti.\" \/>\n<meta name=\"robots\" content=\"index, follow, max-snippet:-1, max-image-preview:large, max-video-preview:-1\" \/>\n<link rel=\"canonical\" href=\"https:\/\/www.pescoluse.info\/index.php\/i-video\/\" \/>\n<meta property=\"og:locale\" content=\"it_IT\" \/>\n<meta property=\"og:type\" content=\"article\" \/>\n<meta property=\"og:title\" content=\"Video della Marina di Pescoluse\" \/>\n<meta property=\"og:description\" content=\"Immergetevi nell&#039;incanto di Pescoluse attraverso la nostra selezione di video: un viaggio virtuale che vi porter\u00e0 a scoprire la bellezza del Salento in diversi suoi aspetti.\" \/>\n<meta property=\"og:url\" content=\"https:\/\/www.pescoluse.info\/index.php\/i-video\/\" \/>\n<meta property=\"og:site_name\" content=\"Pescoluse nel Salento Marina di Salve\" \/>\n<meta property=\"article:publisher\" content=\"https:\/\/www.facebook.com\/Pescoluseinfo-Spiaggia-del-Salento-252097411467116\/\" \/>\n<meta property=\"article:modified_time\" content=\"2024-03-15T18:20:27+00:00\" \/>\n<meta property=\"og:image\" content=\"https:\/\/www.pescoluse.info\/wp-content\/uploads\/2008\/04\/festa-aquilone-pescoluse-sa.jpg\" \/>\n\t<meta property=\"og:image:width\" content=\"600\" \/>\n\t<meta property=\"og:image:height\" content=\"399\" \/>\n\t<meta property=\"og:image:type\" content=\"image\/jpeg\" \/>\n<meta name=\"twitter:card\" content=\"summary_large_image\" \/>\n<meta name=\"twitter:label1\" content=\"Tempo di lettura stimato\" \/>\n\t<meta name=\"twitter:data1\" content=\"5 minuti\" \/>\n<script type=\"application\/ld+json\" class=\"yoast-schema-graph\">{\"@context\":\"https:\/\/schema.org\",\"@graph\":[{\"@type\":\"WebPage\",\"@id\":\"https:\/\/www.pescoluse.info\/index.php\/i-video\/\",\"url\":\"https:\/\/www.pescoluse.info\/index.php\/i-video\/\",\"name\":\"Video della Marina di Pescoluse\",\"isPartOf\":{\"@id\":\"https:\/\/www.pescoluse.info\/#website\"},\"primaryImageOfPage\":{\"@id\":\"https:\/\/www.pescoluse.info\/index.php\/i-video\/#primaryimage\"},\"image\":{\"@id\":\"https:\/\/www.pescoluse.info\/index.php\/i-video\/#primaryimage\"},\"thumbnailUrl\":\"https:\/\/www.pescoluse.info\/wp-content\/uploads\/2008\/04\/festa-aquilone-pescoluse-sa.jpg\",\"datePublished\":\"2024-03-15T07:18:48+00:00\",\"dateModified\":\"2024-03-15T18:20:27+00:00\",\"description\":\"Immergetevi nell'incanto di Pescoluse attraverso la nostra selezione di video: un viaggio virtuale che vi porter\u00e0 a scoprire la bellezza del Salento in diversi suoi aspetti.\",\"breadcrumb\":{\"@id\":\"https:\/\/www.pescoluse.info\/index.php\/i-video\/#breadcrumb\"},\"inLanguage\":\"it-IT\",\"potentialAction\":[{\"@type\":\"ReadAction\",\"target\":[\"https:\/\/www.pescoluse.info\/index.php\/i-video\/\"]}]},{\"@type\":\"ImageObject\",\"inLanguage\":\"it-IT\",\"@id\":\"https:\/\/www.pescoluse.info\/index.php\/i-video\/#primaryimage\",\"url\":\"https:\/\/www.pescoluse.info\/wp-content\/uploads\/2008\/04\/festa-aquilone-pescoluse-sa.jpg\",\"contentUrl\":\"https:\/\/www.pescoluse.info\/wp-content\/uploads\/2008\/04\/festa-aquilone-pescoluse-sa.jpg\",\"width\":600,\"height\":399},{\"@type\":\"BreadcrumbList\",\"@id\":\"https:\/\/www.pescoluse.info\/index.php\/i-video\/#breadcrumb\",\"itemListElement\":[{\"@type\":\"ListItem\",\"position\":1,\"name\":\"Home\",\"item\":\"https:\/\/www.pescoluse.info\/\"},{\"@type\":\"ListItem\",\"position\":2,\"name\":\"I video di Pescoluse\"}]},{\"@type\":\"WebSite\",\"@id\":\"https:\/\/www.pescoluse.info\/#website\",\"url\":\"https:\/\/www.pescoluse.info\/\",\"name\":\"Pescoluse nel Salento Marina di Salve\",\"description\":\"Per le tue vacanze al mare scegli Pescoluse e la sua Spiaggia\",\"potentialAction\":[{\"@type\":\"SearchAction\",\"target\":{\"@type\":\"EntryPoint\",\"urlTemplate\":\"https:\/\/www.pescoluse.info\/?s={search_term_string}\"},\"query-input\":{\"@type\":\"PropertyValueSpecification\",\"valueRequired\":true,\"valueName\":\"search_term_string\"}}],\"inLanguage\":\"it-IT\"}]}<\/script>\n<!-- \/ Yoast SEO plugin. -->","yoast_head_json":{"title":"Video della Marina di Pescoluse","description":"Immergetevi nell'incanto di Pescoluse attraverso la nostra selezione di video: un viaggio virtuale che vi porter\u00e0 a scoprire la bellezza del Salento in diversi suoi aspetti.","robots":{"index":"index","follow":"follow","max-snippet":"max-snippet:-1","max-image-preview":"max-image-preview:large","max-video-preview":"max-video-preview:-1"},"canonical":"https:\/\/www.pescoluse.info\/index.php\/i-video\/","og_locale":"it_IT","og_type":"article","og_title":"Video della Marina di Pescoluse","og_description":"Immergetevi nell'incanto di Pescoluse attraverso la nostra selezione di video: un viaggio virtuale che vi porter\u00e0 a scoprire la bellezza del Salento in diversi suoi aspetti.","og_url":"https:\/\/www.pescoluse.info\/index.php\/i-video\/","og_site_name":"Pescoluse nel Salento Marina di Salve","article_publisher":"https:\/\/www.facebook.com\/Pescoluseinfo-Spiaggia-del-Salento-252097411467116\/","article_modified_time":"2024-03-15T18:20:27+00:00","og_image":[{"width":600,"height":399,"url":"https:\/\/www.pescoluse.info\/wp-content\/uploads\/2008\/04\/festa-aquilone-pescoluse-sa.jpg","type":"image\/jpeg"}],"twitter_card":"summary_large_image","twitter_misc":{"Tempo di lettura stimato":"5 minuti"},"schema":{"@context":"https:\/\/schema.org","@graph":[{"@type":"WebPage","@id":"https:\/\/www.pescoluse.info\/index.php\/i-video\/","url":"https:\/\/www.pescoluse.info\/index.php\/i-video\/","name":"Video della Marina di Pescoluse","isPartOf":{"@id":"https:\/\/www.pescoluse.info\/#website"},"primaryImageOfPage":{"@id":"https:\/\/www.pescoluse.info\/index.php\/i-video\/#primaryimage"},"image":{"@id":"https:\/\/www.pescoluse.info\/index.php\/i-video\/#primaryimage"},"thumbnailUrl":"https:\/\/www.pescoluse.info\/wp-content\/uploads\/2008\/04\/festa-aquilone-pescoluse-sa.jpg","datePublished":"2024-03-15T07:18:48+00:00","dateModified":"2024-03-15T18:20:27+00:00","description":"Immergetevi nell'incanto di Pescoluse attraverso la nostra selezione di video: un viaggio virtuale che vi porter\u00e0 a scoprire la bellezza del Salento in diversi suoi aspetti.","breadcrumb":{"@id":"https:\/\/www.pescoluse.info\/index.php\/i-video\/#breadcrumb"},"inLanguage":"it-IT","potentialAction":[{"@type":"ReadAction","target":["https:\/\/www.pescoluse.info\/index.php\/i-video\/"]}]},{"@type":"ImageObject","inLanguage":"it-IT","@id":"https:\/\/www.pescoluse.info\/index.php\/i-video\/#primaryimage","url":"https:\/\/www.pescoluse.info\/wp-content\/uploads\/2008\/04\/festa-aquilone-pescoluse-sa.jpg","contentUrl":"https:\/\/www.pescoluse.info\/wp-content\/uploads\/2008\/04\/festa-aquilone-pescoluse-sa.jpg","width":600,"height":399},{"@type":"BreadcrumbList","@id":"https:\/\/www.pescoluse.info\/index.php\/i-video\/#breadcrumb","itemListElement":[{"@type":"ListItem","position":1,"name":"Home","item":"https:\/\/www.pescoluse.info\/"},{"@type":"ListItem","position":2,"name":"I video di Pescoluse"}]},{"@type":"WebSite","@id":"https:\/\/www.pescoluse.info\/#website","url":"https:\/\/www.pescoluse.info\/","name":"Pescoluse nel Salento Marina di Salve","description":"Per le tue vacanze al mare scegli Pescoluse e la sua Spiaggia","potentialAction":[{"@type":"SearchAction","target":{"@type":"EntryPoint","urlTemplate":"https:\/\/www.pescoluse.info\/?s={search_term_string}"},"query-input":{"@type":"PropertyValueSpecification","valueRequired":true,"valueName":"search_term_string"}}],"inLanguage":"it-IT"}]}},"_links":{"self":[{"href":"https:\/\/www.pescoluse.info\/index.php\/wp-json\/wp\/v2\/pages\/90","targetHints":{"allow":["GET"]}}],"collection":[{"href":"https:\/\/www.pescoluse.info\/index.php\/wp-json\/wp\/v2\/pages"}],"about":[{"href":"https:\/\/www.pescoluse.info\/index.php\/wp-json\/wp\/v2\/types\/page"}],"author":[{"embeddable":true,"href":"https:\/\/www.pescoluse.info\/index.php\/wp-json\/wp\/v2\/users\/8"}],"replies":[{"embeddable":true,"href":"https:\/\/www.pescoluse.info\/index.php\/wp-json\/wp\/v2\/comments?post=90"}],"version-history":[{"count":2,"href":"https:\/\/www.pescoluse.info\/index.php\/wp-json\/wp\/v2\/pages\/90\/revisions"}],"predecessor-version":[{"id":741,"href":"https:\/\/www.pescoluse.info\/index.php\/wp-json\/wp\/v2\/pages\/90\/revisions\/741"}],"wp:featuredmedia":[{"embeddable":true,"href":"https:\/\/www.pescoluse.info\/index.php\/wp-json\/wp\/v2\/media\/51"}],"wp:attachment":[{"href":"https:\/\/www.pescoluse.info\/index.php\/wp-json\/wp\/v2\/media?parent=90"}],"curies":[{"name":"wp","href":"https:\/\/api.w.org\/{rel}","templated":true}]}}